{"id":166,"date":"2018-06-26T13:55:47","date_gmt":"2018-06-26T11:55:47","guid":{"rendered":"https:\/\/kp.kjl-video.de\/?page_id=166"},"modified":"2022-01-28T17:05:55","modified_gmt":"2022-01-28T16:05:55","slug":"karriere","status":"publish","type":"page","link":"https:\/\/kjl-video.de\/staging\/karriere\/","title":{"rendered":"Jobs-und-Karriere-bei-KJL"},"content":{"rendered":"[vc_row][vc_column][vc_column_text]\n\n\n<blockquote class=\"wp-block-quote\"><p><\/p><\/blockquote>\n\n\n<p><\/p>\n\n\n[\/vc_column_text][\/vc_column][\/vc_row][vc_section][vc_row][vc_column width=&#8220;1\/2&#8243;][vc_column_text]<p><\/p>\n<h1>Karriere bei KJL<\/h1>\n<p>Wir suchen neue Mitarbeiter f\u00fcr unser Team. Als zuverl\u00e4ssiger Arbeitgeber in der Region Hamburg und Umgebung bieten wir attraktive Besch\u00e4ftigungsm\u00f6glichkeiten mit Perspektive. Wir freuen uns, Ihre Bewerbung entgegenzunehmen.[\/vc_column_text][\/vc_column][vc_column width=&#8220;1\/2&#8243;][vc_single_image image=&#8220;22&#8243;][\/vc_column][\/vc_row][vc_row][vc_column]<a id=\"Bewerbung-in-Karriere\" href=\"\/bewerbung\" class=\"vcex-button theme-button flat medium inline hvr hvr-grow\"><span class=\"theme-button-inner\">Bewerben Sie sich direkt hier mit unserem Bewerbungsformular und werden Teil unseres Teams!<\/span><\/a> [\/vc_column][\/vc_row][vc_row][vc_column width=&#8220;1\/2&#8243;][vc_column_text]\n<h2>Stellenangebote<\/h2>\n<p>Folgende Stellen sind derzeit bei uns vakant:[\/vc_column_text][\/vc_column][\/vc_row][vc_row][vc_column][vc_column_text]\n<ul class=\"Downloads\">\n<li style=\"list-style-type: none;\"><!--<br \/><li class=\"pdf\"><a title=\"Auszubildende zum\/r IT-Systemkaufmann\/-frau\" href=\"\/wp-content\/uploads\/2020\/08\/Azubi_ITSystemelektronik.pdf\" target=\"_blank\" rel=\"noopener noreferrer\">Auszubildende zum IT-Systemkaufmann (m\/w\/d)<\/a><\/li>\n<p>-->&nbsp;<p><\/p>\n<ul class=\"Downloads\">\n<li style=\"list-style-type: none;\">\n<ul class=\"Downloads\">\n<li class=\"pdf\"><a title=\"Auszubildende zum\/r IT-Systemelektroniker\/in\" href=\"\/wp-content\/uploads\/2020\/08\/Azubi_ITSystemelektronik.pdf\" target=\"_blank\" rel=\"noopener noreferrer\">Auszubildende zum\/r IT-Systemelektroniker\/in (m\/w\/d)<\/a><\/li>\n\n<li class=\"pdf\"><a title=\"Elektriker und Techniker\" href=\"\/wp-content\/uploads\/2022\/01\/Elektrotechniker.pdf\" target=\"_blank\" rel=\"noopener noreferrer\">Elektriker und Techniker (m\/w\/d)<\/a><\/li>\n<li class=\"pdf\"><a title=\"Elektrohelfer\" href=\"\/wp-content\/uploads\/2022\/01\/Elektrohelfer.pdf\" target=\"_blank\" rel=\"noopener noreferrer\">Elektrohelfer (m\/w\/d)<\/a><\/li>\n<li class=\"pdf\"><a title=\"Fachinformatiker Systemintegration\" href=\"\/wp-content\/uploads\/2022\/01\/Fachinformatiker.pdf\" target=\"_blank\" rel=\"noopener noreferrer\">Fachinformatiker(m\/w\/d)<\/a><\/li>\n<\/ul>\n<\/li>\n<\/ul>\n<p><!--<\/p>\n<li class=\"pdf\"><a title=\"IT-Systemkaufmann\" href=\"\/wp-content\/uploads\/2018\/06\/ITSystemKaufmann.pdf\" target=\"_blank\" rel=\"noopener noreferrer\">IT Systemkaufmann (m\/w\/d)<\/a><\/li>\n<p>--><\/p>\n<\/li>\n<\/ul>\n<p><!--<\/p>\n<li class=\"pdf\"><a title=\"Sachbearbeiter f\u00fcr den Innendienst\" href=\"\/wp-content\/uploads\/2018\/06\/Sachbearbeiter_Innendienst.pdf\" target=\"_blank\" rel=\"noopener noreferrer\">Sachbearbeiter f\u00fcr den Innendienst (m\/w)<\/a><\/li>\n<p>--><\/p>\n<ul class=\"Downloads\">\n<li style=\"list-style-type: none;\">&nbsp;<\/li>\n<\/ul>\n<p><!--<\/p>\n<li class=\"pdf\"><a title=\"Vertriebsmitarbeiter\" href=\"\/wp-content\/uploads\/2018\/06\/Vertriebsmitarbeiter.pdf\" target=\"_blank\" rel=\"noopener noreferrer\">Vertriebsmitarbeiter (m\/w)<\/a><\/li>\n<p>--><\/p>\n[\/vc_column_text][\/vc_column][\/vc_row][\/vc_section][vc_row][vc_column][vc_column_text]\n\n\n<p><\/p>\n\n\n<p>\n\n\n[\/vc_column_text][\/vc_column][\/vc_row]","protected":false},"excerpt":{"rendered":"<p>[vc_row][vc_column][vc_column_text] [\/vc_column_text][\/vc_column][\/vc_row][vc_section][vc_row][vc_column width=&#8220;1\/2&#8243;][vc_column_text] Karriere bei KJL Wir suchen neue Mitarbeiter f\u00fcr unser Team. Als zuverl\u00e4ssiger Arbeitgeber in der Region Hamburg und Umgebung bieten wir attraktive Besch\u00e4ftigungsm\u00f6glichkeiten mit Perspektive. Wir freuen uns, Ihre Bewerbung entgegenzunehmen.[\/vc_column_text][\/vc_column][vc_column width=&#8220;1\/2&#8243;][vc_single_image image=&#8220;22&#8243;][\/vc_column][\/vc_row][vc_row][vc_column][\/vc_column][\/vc_row][vc_row][vc_column width=&#8220;1\/2&#8243;][vc_column_text] Stellenangebote Folgende Stellen sind derzeit bei uns vakant:[\/vc_column_text][\/vc_column][\/vc_row][vc_row][vc_column][vc_column_text] &nbsp; Auszubildende zum\/r IT-Systemelektroniker\/in (m\/w\/d) Elektriker und Techniker (m\/w\/d) Elektrohelfer&hellip;<\/p>\n","protected":false},"author":2,"featured_media":0,"parent":0,"menu_order":0,"comment_status":"closed","ping_status":"closed","template":"","meta":[],"yoast_head":"<!-- This site is optimized with the Yoast SEO plugin v19.11 - https:\/\/yoast.com\/wordpress\/plugins\/seo\/ -->\n<title>Jobs-und-Karriere-bei-KJL - kjl-video.de<\/title>\n<meta name=\"robots\" content=\"noindex, follow, max-snippet:-1, max-image-preview:large, max-video-preview:-1\" \/>\n<meta property=\"og:locale\" content=\"de_DE\" \/>\n<meta property=\"og:type\" content=\"article\" \/>\n<meta property=\"og:title\" content=\"Jobs-und-Karriere-bei-KJL - kjl-video.de\" \/>\n<meta property=\"og:description\" content=\"[vc_row][vc_column][vc_column_text] [\/vc_column_text][\/vc_column][\/vc_row][vc_section][vc_row][vc_column width=&#8220;1\/2&#8243;][vc_column_text] Karriere bei KJL Wir suchen neue Mitarbeiter f\u00fcr unser Team. Als zuverl\u00e4ssiger Arbeitgeber in der Region Hamburg und Umgebung bieten wir attraktive Besch\u00e4ftigungsm\u00f6glichkeiten mit Perspektive. Wir freuen uns, Ihre Bewerbung entgegenzunehmen.[\/vc_column_text][\/vc_column][vc_column width=&#8220;1\/2&#8243;][vc_single_image image=&#8220;22&#8243;][\/vc_column][\/vc_row][vc_row][vc_column][\/vc_column][\/vc_row][vc_row][vc_column width=&#8220;1\/2&#8243;][vc_column_text] Stellenangebote Folgende Stellen sind derzeit bei uns vakant:[\/vc_column_text][\/vc_column][\/vc_row][vc_row][vc_column][vc_column_text] &nbsp; Auszubildende zum\/r IT-Systemelektroniker\/in (m\/w\/d) Elektriker und Techniker (m\/w\/d) Elektrohelfer&hellip;\" \/>\n<meta property=\"og:url\" content=\"https:\/\/kjl-video.de\/staging\/karriere\/\" \/>\n<meta property=\"og:site_name\" content=\"kjl-video.de\" \/>\n<meta property=\"article:modified_time\" content=\"2022-01-28T16:05:55+00:00\" \/>\n<meta name=\"twitter:card\" content=\"summary_large_image\" \/>\n<meta name=\"twitter:label1\" content=\"Gesch\u00e4tzte Lesezeit\" \/>\n\t<meta name=\"twitter:data1\" content=\"1\u00a0Minute\" \/>\n<script type=\"application\/ld+json\" class=\"yoast-schema-graph\">{\"@context\":\"https:\/\/schema.org\",\"@graph\":[{\"@type\":\"WebPage\",\"@id\":\"https:\/\/kjl-video.de\/staging\/karriere\/\",\"url\":\"https:\/\/kjl-video.de\/staging\/karriere\/\",\"name\":\"Jobs-und-Karriere-bei-KJL - kjl-video.de\",\"isPartOf\":{\"@id\":\"https:\/\/kjl-video.de\/staging\/#website\"},\"datePublished\":\"2018-06-26T11:55:47+00:00\",\"dateModified\":\"2022-01-28T16:05:55+00:00\",\"breadcrumb\":{\"@id\":\"https:\/\/kjl-video.de\/staging\/karriere\/#breadcrumb\"},\"inLanguage\":\"de\",\"potentialAction\":[{\"@type\":\"ReadAction\",\"target\":[\"https:\/\/kjl-video.de\/staging\/karriere\/\"]}]},{\"@type\":\"BreadcrumbList\",\"@id\":\"https:\/\/kjl-video.de\/staging\/karriere\/#breadcrumb\",\"itemListElement\":[{\"@type\":\"ListItem\",\"position\":1,\"name\":\"Startseite\",\"item\":\"https:\/\/kjl-video.de\/staging\/\"},{\"@type\":\"ListItem\",\"position\":2,\"name\":\"Jobs-und-Karriere-bei-KJL\"}]},{\"@type\":\"WebSite\",\"@id\":\"https:\/\/kjl-video.de\/staging\/#website\",\"url\":\"https:\/\/kjl-video.de\/staging\/\",\"name\":\"kjl-video.de\",\"description\":\"Ihr kompetenter Partner f\u00fcr Video\u00fcberwachungen aus Hamburg\",\"publisher\":{\"@id\":\"https:\/\/kjl-video.de\/staging\/#organization\"},\"potentialAction\":[{\"@type\":\"SearchAction\",\"target\":{\"@type\":\"EntryPoint\",\"urlTemplate\":\"https:\/\/kjl-video.de\/staging\/?s={search_term_string}\"},\"query-input\":\"required name=search_term_string\"}],\"inLanguage\":\"de\"},{\"@type\":\"Organization\",\"@id\":\"https:\/\/kjl-video.de\/staging\/#organization\",\"name\":\"kjl-video.de\",\"url\":\"https:\/\/kjl-video.de\/staging\/\",\"logo\":{\"@type\":\"ImageObject\",\"inLanguage\":\"de\",\"@id\":\"https:\/\/kjl-video.de\/staging\/#\/schema\/logo\/image\/\",\"url\":\"https:\/\/kjl-video.de\/staging\/wp-content\/uploads\/2018\/06\/KJL_Logo.png\",\"contentUrl\":\"https:\/\/kjl-video.de\/staging\/wp-content\/uploads\/2018\/06\/KJL_Logo.png\",\"width\":272,\"height\":80,\"caption\":\"kjl-video.de\"},\"image\":{\"@id\":\"https:\/\/kjl-video.de\/staging\/#\/schema\/logo\/image\/\"}}]}<\/script>\n<!-- \/ Yoast SEO plugin. -->","yoast_head_json":{"title":"Jobs-und-Karriere-bei-KJL - kjl-video.de","robots":{"index":"noindex","follow":"follow","max-snippet":"max-snippet:-1","max-image-preview":"max-image-preview:large","max-video-preview":"max-video-preview:-1"},"og_locale":"de_DE","og_type":"article","og_title":"Jobs-und-Karriere-bei-KJL - kjl-video.de","og_description":"[vc_row][vc_column][vc_column_text] [\/vc_column_text][\/vc_column][\/vc_row][vc_section][vc_row][vc_column width=&#8220;1\/2&#8243;][vc_column_text] Karriere bei KJL Wir suchen neue Mitarbeiter f\u00fcr unser Team. Als zuverl\u00e4ssiger Arbeitgeber in der Region Hamburg und Umgebung bieten wir attraktive Besch\u00e4ftigungsm\u00f6glichkeiten mit Perspektive. Wir freuen uns, Ihre Bewerbung entgegenzunehmen.[\/vc_column_text][\/vc_column][vc_column width=&#8220;1\/2&#8243;][vc_single_image image=&#8220;22&#8243;][\/vc_column][\/vc_row][vc_row][vc_column][\/vc_column][\/vc_row][vc_row][vc_column width=&#8220;1\/2&#8243;][vc_column_text] Stellenangebote Folgende Stellen sind derzeit bei uns vakant:[\/vc_column_text][\/vc_column][\/vc_row][vc_row][vc_column][vc_column_text] &nbsp; Auszubildende zum\/r IT-Systemelektroniker\/in (m\/w\/d) Elektriker und Techniker (m\/w\/d) Elektrohelfer&hellip;","og_url":"https:\/\/kjl-video.de\/staging\/karriere\/","og_site_name":"kjl-video.de","article_modified_time":"2022-01-28T16:05:55+00:00","twitter_card":"summary_large_image","twitter_misc":{"Gesch\u00e4tzte Lesezeit":"1\u00a0Minute"},"schema":{"@context":"https:\/\/schema.org","@graph":[{"@type":"WebPage","@id":"https:\/\/kjl-video.de\/staging\/karriere\/","url":"https:\/\/kjl-video.de\/staging\/karriere\/","name":"Jobs-und-Karriere-bei-KJL - kjl-video.de","isPartOf":{"@id":"https:\/\/kjl-video.de\/staging\/#website"},"datePublished":"2018-06-26T11:55:47+00:00","dateModified":"2022-01-28T16:05:55+00:00","breadcrumb":{"@id":"https:\/\/kjl-video.de\/staging\/karriere\/#breadcrumb"},"inLanguage":"de","potentialAction":[{"@type":"ReadAction","target":["https:\/\/kjl-video.de\/staging\/karriere\/"]}]},{"@type":"BreadcrumbList","@id":"https:\/\/kjl-video.de\/staging\/karriere\/#breadcrumb","itemListElement":[{"@type":"ListItem","position":1,"name":"Startseite","item":"https:\/\/kjl-video.de\/staging\/"},{"@type":"ListItem","position":2,"name":"Jobs-und-Karriere-bei-KJL"}]},{"@type":"WebSite","@id":"https:\/\/kjl-video.de\/staging\/#website","url":"https:\/\/kjl-video.de\/staging\/","name":"kjl-video.de","description":"Ihr kompetenter Partner f\u00fcr Video\u00fcberwachungen aus Hamburg","publisher":{"@id":"https:\/\/kjl-video.de\/staging\/#organization"},"potentialAction":[{"@type":"SearchAction","target":{"@type":"EntryPoint","urlTemplate":"https:\/\/kjl-video.de\/staging\/?s={search_term_string}"},"query-input":"required name=search_term_string"}],"inLanguage":"de"},{"@type":"Organization","@id":"https:\/\/kjl-video.de\/staging\/#organization","name":"kjl-video.de","url":"https:\/\/kjl-video.de\/staging\/","logo":{"@type":"ImageObject","inLanguage":"de","@id":"https:\/\/kjl-video.de\/staging\/#\/schema\/logo\/image\/","url":"https:\/\/kjl-video.de\/staging\/wp-content\/uploads\/2018\/06\/KJL_Logo.png","contentUrl":"https:\/\/kjl-video.de\/staging\/wp-content\/uploads\/2018\/06\/KJL_Logo.png","width":272,"height":80,"caption":"kjl-video.de"},"image":{"@id":"https:\/\/kjl-video.de\/staging\/#\/schema\/logo\/image\/"}}]}},"_links":{"self":[{"href":"https:\/\/kjl-video.de\/staging\/wp-json\/wp\/v2\/pages\/166"}],"collection":[{"href":"https:\/\/kjl-video.de\/staging\/wp-json\/wp\/v2\/pages"}],"about":[{"href":"https:\/\/kjl-video.de\/staging\/wp-json\/wp\/v2\/types\/page"}],"author":[{"embeddable":true,"href":"https:\/\/kjl-video.de\/staging\/wp-json\/wp\/v2\/users\/2"}],"replies":[{"embeddable":true,"href":"https:\/\/kjl-video.de\/staging\/wp-json\/wp\/v2\/comments?post=166"}],"version-history":[{"count":10,"href":"https:\/\/kjl-video.de\/staging\/wp-json\/wp\/v2\/pages\/166\/revisions"}],"predecessor-version":[{"id":1287,"href":"https:\/\/kjl-video.de\/staging\/wp-json\/wp\/v2\/pages\/166\/revisions\/1287"}],"wp:attachment":[{"href":"https:\/\/kjl-video.de\/staging\/wp-json\/wp\/v2\/media?parent=166"}],"curies":[{"name":"wp","href":"https:\/\/api.w.org\/{rel}","templated":true}]}}