{"id":91,"date":"2018-06-26T09:46:57","date_gmt":"2018-06-26T07:46:57","guid":{"rendered":"https:\/\/kp.kjl-video.de\/versandarten\/"},"modified":"2020-08-12T13:24:20","modified_gmt":"2020-08-12T11:24:20","slug":"versandarten","status":"publish","type":"page","link":"https:\/\/kjl-video.de\/staging\/versandarten\/","title":{"rendered":"Versandarten"},"content":{"rendered":"\n<h2><strong>Bedingungen f\u00fcr Lieferungen innerhalb Deutschlands<\/strong><\/h2>\n\n\n\n<p><strong>Lieferung:<\/strong><\/p>\n\n\n\n<p>Wir versenden s\u00e4mtliche Bestellungen mittels versichertem Paketversand. Eine Zustellung geringwertiger Waren ist auf Anfrage auch per Brief m\u00f6glich.<\/p>\n\n\n\n<p><strong>Lieferzeit: <\/strong><\/p>\n\n\n\n<p>Die Lieferzeit f\u00fcr vorr\u00e4tige Artikel betr\u00e4gt ab Auftragsbest\u00e4tigung bzw. ab Zahlungseingang normalerweise 2-3 Werktage. <\/p>\n\n\n\n<p>Die Lieferungen werden durch UPS von Montag bis Freitag durchgef\u00fchrt. Express- und Samstags-Lieferungen sind gegen Aufpreis m\u00f6glich. Wir behalten uns vor in Ausnahmef\u00e4llen einen anderen Lieferdienst bzw. eine Spedition zu beauftragen. Die Lieferzeiten k\u00f6nnen in diesem Fall abweichen.<\/p>\n\n\n\n<p>Die Lieferzeit nicht vorr\u00e4tiger Artikel erfahren Sie in unserer Auftragsbest\u00e4tigung. Sollten Teile der Bestellung eine voraussichtliche Lieferzeit von \u00fcber 7 Tagen haben, erfolgt eine Teillieferung.<\/p>\n\n\n\n<p><strong>Versandkosten<\/strong>:<\/p>\n\n\n\n<p>Die Versandkosten betragen bis 999\u20ac netto Warenwert <em>pro Bestellung<\/em> 9,50\u20ac via Paketdienst. Ab 1000\u20ac netto Warenwert versenden wir diese versandkostenfrei. <\/p>\n\n\n\n<p>Bei Teillieferungen aufgrund der Bedingungen im Abschnitt &#8222;Lieferzeit&#8220; ist f\u00fcr die Berechnung der Versandkosten der Bestellwert ma\u00dfgebend. Sollten Sie unabh\u00e4ngig hiervon eine Teillieferung w\u00fcnschen, ist der Warenwert je Teillieferung ma\u00dfgebend.<\/p>\n\n\n\n<p>Die Versandkosten f\u00fcr sperrige und besonders schwergewichtige Artikel weichen ab und sind abh\u00e4ngig von Gr\u00f6\u00dfe und Gewicht. Wir teilen Ihnen diese separat mit.<\/p>\n\n\n\n<h2>Lieferungen in das europ\u00e4ische Ausland<\/h2>\n\n\n\n<p>Selbstverst\u00e4ndlich liefern wir auch in das europ\u00e4ische Ausland. Die Lieferbedingungen und Versandkosten vereinbaren wir in diesem Fall individuell mit Ihnen. <\/p>\n\n\n\n<p>Etwaige automatisch berechnete Versandkosten sind in diesem Fall nur als Richtwert zu sehen, die tats\u00e4chlichen Versandkosten entnehmen Sie unserer Auftragsbest\u00e4tigung.<\/p>\n\n\n\n<h2>Lieferungen in das au\u00dfereurop\u00e4ische Ausland<\/h2>\n\n\n\n<p>Sollten Sie aus oder in ein au\u00dfereurop\u00e4isches Land bestellen, nehmen Sie vorab Kontakt mit uns auf. Lieferungen au\u00dferhalb der EU sind nur auf Anfrage m\u00f6glich.<\/p>\n","protected":false},"excerpt":{"rendered":"<p>Bedingungen f\u00fcr Lieferungen innerhalb Deutschlands Lieferung: Wir versenden s\u00e4mtliche Bestellungen mittels versichertem Paketversand. Eine Zustellung geringwertiger Waren ist auf Anfrage auch per Brief m\u00f6glich. Lieferzeit: Die Lieferzeit f\u00fcr vorr\u00e4tige Artikel betr\u00e4gt ab Auftragsbest\u00e4tigung bzw. ab Zahlungseingang normalerweise 2-3 Werktage. Die Lieferungen werden durch UPS von Montag bis Freitag durchgef\u00fchrt. Express- und Samstags-Lieferungen sind gegen Aufpreis&hellip;<\/p>\n","protected":false},"author":1,"featured_media":0,"parent":0,"menu_order":0,"comment_status":"closed","ping_status":"closed","template":"","meta":[],"yoast_head":"<!-- This site is optimized with the Yoast SEO plugin v19.11 - https:\/\/yoast.com\/wordpress\/plugins\/seo\/ -->\n<title>Versandarten - kjl-video.de<\/title>\n<meta name=\"robots\" content=\"noindex, nofollow\" \/>\n<meta property=\"og:locale\" content=\"de_DE\" \/>\n<meta property=\"og:type\" content=\"article\" \/>\n<meta property=\"og:title\" content=\"Versandarten - kjl-video.de\" \/>\n<meta property=\"og:description\" content=\"Bedingungen f\u00fcr Lieferungen innerhalb Deutschlands Lieferung: Wir versenden s\u00e4mtliche Bestellungen mittels versichertem Paketversand. Eine Zustellung geringwertiger Waren ist auf Anfrage auch per Brief m\u00f6glich. Lieferzeit: Die Lieferzeit f\u00fcr vorr\u00e4tige Artikel betr\u00e4gt ab Auftragsbest\u00e4tigung bzw. ab Zahlungseingang normalerweise 2-3 Werktage. Die Lieferungen werden durch UPS von Montag bis Freitag durchgef\u00fchrt. Express- und Samstags-Lieferungen sind gegen Aufpreis&hellip;\" \/>\n<meta property=\"og:url\" content=\"https:\/\/kjl-video.de\/staging\/versandarten\/\" \/>\n<meta property=\"og:site_name\" content=\"kjl-video.de\" \/>\n<meta property=\"article:modified_time\" content=\"2020-08-12T11:24:20+00:00\" \/>\n<meta name=\"twitter:card\" content=\"summary_large_image\" \/>\n<meta name=\"twitter:label1\" content=\"Gesch\u00e4tzte Lesezeit\" \/>\n\t<meta name=\"twitter:data1\" content=\"1\u00a0Minute\" \/>\n<script type=\"application\/ld+json\" class=\"yoast-schema-graph\">{\"@context\":\"https:\/\/schema.org\",\"@graph\":[{\"@type\":\"WebPage\",\"@id\":\"https:\/\/kjl-video.de\/staging\/versandarten\/\",\"url\":\"https:\/\/kjl-video.de\/staging\/versandarten\/\",\"name\":\"Versandarten - kjl-video.de\",\"isPartOf\":{\"@id\":\"https:\/\/kjl-video.de\/staging\/#website\"},\"datePublished\":\"2018-06-26T07:46:57+00:00\",\"dateModified\":\"2020-08-12T11:24:20+00:00\",\"breadcrumb\":{\"@id\":\"https:\/\/kjl-video.de\/staging\/versandarten\/#breadcrumb\"},\"inLanguage\":\"de\",\"potentialAction\":[{\"@type\":\"ReadAction\",\"target\":[\"https:\/\/kjl-video.de\/staging\/versandarten\/\"]}]},{\"@type\":\"BreadcrumbList\",\"@id\":\"https:\/\/kjl-video.de\/staging\/versandarten\/#breadcrumb\",\"itemListElement\":[{\"@type\":\"ListItem\",\"position\":1,\"name\":\"Startseite\",\"item\":\"https:\/\/kjl-video.de\/staging\/\"},{\"@type\":\"ListItem\",\"position\":2,\"name\":\"Versandarten\"}]},{\"@type\":\"WebSite\",\"@id\":\"https:\/\/kjl-video.de\/staging\/#website\",\"url\":\"https:\/\/kjl-video.de\/staging\/\",\"name\":\"kjl-video.de\",\"description\":\"Ihr kompetenter Partner f\u00fcr Video\u00fcberwachungen aus Hamburg\",\"publisher\":{\"@id\":\"https:\/\/kjl-video.de\/staging\/#organization\"},\"potentialAction\":[{\"@type\":\"SearchAction\",\"target\":{\"@type\":\"EntryPoint\",\"urlTemplate\":\"https:\/\/kjl-video.de\/staging\/?s={search_term_string}\"},\"query-input\":\"required name=search_term_string\"}],\"inLanguage\":\"de\"},{\"@type\":\"Organization\",\"@id\":\"https:\/\/kjl-video.de\/staging\/#organization\",\"name\":\"kjl-video.de\",\"url\":\"https:\/\/kjl-video.de\/staging\/\",\"logo\":{\"@type\":\"ImageObject\",\"inLanguage\":\"de\",\"@id\":\"https:\/\/kjl-video.de\/staging\/#\/schema\/logo\/image\/\",\"url\":\"https:\/\/kjl-video.de\/staging\/wp-content\/uploads\/2018\/06\/KJL_Logo.png\",\"contentUrl\":\"https:\/\/kjl-video.de\/staging\/wp-content\/uploads\/2018\/06\/KJL_Logo.png\",\"width\":272,\"height\":80,\"caption\":\"kjl-video.de\"},\"image\":{\"@id\":\"https:\/\/kjl-video.de\/staging\/#\/schema\/logo\/image\/\"}}]}<\/script>\n<!-- \/ Yoast SEO plugin. -->","yoast_head_json":{"title":"Versandarten - kjl-video.de","robots":{"index":"noindex","follow":"nofollow"},"og_locale":"de_DE","og_type":"article","og_title":"Versandarten - kjl-video.de","og_description":"Bedingungen f\u00fcr Lieferungen innerhalb Deutschlands Lieferung: Wir versenden s\u00e4mtliche Bestellungen mittels versichertem Paketversand. Eine Zustellung geringwertiger Waren ist auf Anfrage auch per Brief m\u00f6glich. Lieferzeit: Die Lieferzeit f\u00fcr vorr\u00e4tige Artikel betr\u00e4gt ab Auftragsbest\u00e4tigung bzw. ab Zahlungseingang normalerweise 2-3 Werktage. Die Lieferungen werden durch UPS von Montag bis Freitag durchgef\u00fchrt. Express- und Samstags-Lieferungen sind gegen Aufpreis&hellip;","og_url":"https:\/\/kjl-video.de\/staging\/versandarten\/","og_site_name":"kjl-video.de","article_modified_time":"2020-08-12T11:24:20+00:00","twitter_card":"summary_large_image","twitter_misc":{"Gesch\u00e4tzte Lesezeit":"1\u00a0Minute"},"schema":{"@context":"https:\/\/schema.org","@graph":[{"@type":"WebPage","@id":"https:\/\/kjl-video.de\/staging\/versandarten\/","url":"https:\/\/kjl-video.de\/staging\/versandarten\/","name":"Versandarten - kjl-video.de","isPartOf":{"@id":"https:\/\/kjl-video.de\/staging\/#website"},"datePublished":"2018-06-26T07:46:57+00:00","dateModified":"2020-08-12T11:24:20+00:00","breadcrumb":{"@id":"https:\/\/kjl-video.de\/staging\/versandarten\/#breadcrumb"},"inLanguage":"de","potentialAction":[{"@type":"ReadAction","target":["https:\/\/kjl-video.de\/staging\/versandarten\/"]}]},{"@type":"BreadcrumbList","@id":"https:\/\/kjl-video.de\/staging\/versandarten\/#breadcrumb","itemListElement":[{"@type":"ListItem","position":1,"name":"Startseite","item":"https:\/\/kjl-video.de\/staging\/"},{"@type":"ListItem","position":2,"name":"Versandarten"}]},{"@type":"WebSite","@id":"https:\/\/kjl-video.de\/staging\/#website","url":"https:\/\/kjl-video.de\/staging\/","name":"kjl-video.de","description":"Ihr kompetenter Partner f\u00fcr Video\u00fcberwachungen aus Hamburg","publisher":{"@id":"https:\/\/kjl-video.de\/staging\/#organization"},"potentialAction":[{"@type":"SearchAction","target":{"@type":"EntryPoint","urlTemplate":"https:\/\/kjl-video.de\/staging\/?s={search_term_string}"},"query-input":"required name=search_term_string"}],"inLanguage":"de"},{"@type":"Organization","@id":"https:\/\/kjl-video.de\/staging\/#organization","name":"kjl-video.de","url":"https:\/\/kjl-video.de\/staging\/","logo":{"@type":"ImageObject","inLanguage":"de","@id":"https:\/\/kjl-video.de\/staging\/#\/schema\/logo\/image\/","url":"https:\/\/kjl-video.de\/staging\/wp-content\/uploads\/2018\/06\/KJL_Logo.png","contentUrl":"https:\/\/kjl-video.de\/staging\/wp-content\/uploads\/2018\/06\/KJL_Logo.png","width":272,"height":80,"caption":"kjl-video.de"},"image":{"@id":"https:\/\/kjl-video.de\/staging\/#\/schema\/logo\/image\/"}}]}},"_links":{"self":[{"href":"https:\/\/kjl-video.de\/staging\/wp-json\/wp\/v2\/pages\/91"}],"collection":[{"href":"https:\/\/kjl-video.de\/staging\/wp-json\/wp\/v2\/pages"}],"about":[{"href":"https:\/\/kjl-video.de\/staging\/wp-json\/wp\/v2\/types\/page"}],"author":[{"embeddable":true,"href":"https:\/\/kjl-video.de\/staging\/wp-json\/wp\/v2\/users\/1"}],"replies":[{"embeddable":true,"href":"https:\/\/kjl-video.de\/staging\/wp-json\/wp\/v2\/comments?post=91"}],"version-history":[{"count":7,"href":"https:\/\/kjl-video.de\/staging\/wp-json\/wp\/v2\/pages\/91\/revisions"}],"predecessor-version":[{"id":1022,"href":"https:\/\/kjl-video.de\/staging\/wp-json\/wp\/v2\/pages\/91\/revisions\/1022"}],"wp:attachment":[{"href":"https:\/\/kjl-video.de\/staging\/wp-json\/wp\/v2\/media?parent=91"}],"curies":[{"name":"wp","href":"https:\/\/api.w.org\/{rel}","templated":true}]}}