{"id":299,"date":"2018-09-19T09:00:38","date_gmt":"2018-09-19T07:00:38","guid":{"rendered":"https:\/\/kp.kjl-video.de\/?post_type=product&#038;p=299"},"modified":"2020-09-25T10:11:27","modified_gmt":"2020-09-25T08:11:27","slug":"vms-17-10","status":"publish","type":"product","link":"https:\/\/kjl-video.de\/staging\/shop\/vms-17-10\/","title":{"rendered":"GeoVision VMS17"},"content":{"rendered":"<p>Die neueste Video Management Software von Geovision!<\/p>\n<p>Binden Sie kostenfrei bis zu 32 GV IP-Kameras an,<br \/>\noder erweitern Sie die Softwarelizenz gegen eine geringe Geb\u00fchr auf bis zu 64 Kameras.<br \/>\n(Optional auch Lizenzen f\u00fcr Drittanbieter-kameras m\u00f6glich)<\/p>\n","protected":false},"excerpt":{"rendered":"<p>Die neueste Video Management Software von Geovision! Binden Sie kostenfrei bis zu 32 GV IP-Kameras an, oder erweitern Sie die Softwarelizenz gegen eine geringe Geb\u00fchr auf bis zu 64 Kameras. (Optional auch Lizenzen f\u00fcr Drittanbieter-kameras m\u00f6glich)<\/p>\n","protected":false},"featured_media":300,"template":"","meta":[],"product_cat":[76],"product_tag":[],"yoast_head":"<!-- This site is optimized with the Yoast SEO plugin v19.11 - https:\/\/yoast.com\/wordpress\/plugins\/seo\/ -->\n<title>GeoVision VMS17 - kjl-video.de<\/title>\n<meta name=\"robots\" content=\"noindex, follow, max-snippet:-1, max-image-preview:large, max-video-preview:-1\" \/>\n<meta property=\"og:locale\" content=\"de_DE\" \/>\n<meta property=\"og:type\" content=\"article\" \/>\n<meta property=\"og:title\" content=\"GeoVision VMS17 - kjl-video.de\" \/>\n<meta property=\"og:description\" content=\"Die neueste Video Management Software von Geovision! Binden Sie kostenfrei bis zu 32 GV IP-Kameras an, oder erweitern Sie die Softwarelizenz gegen eine geringe Geb\u00fchr auf bis zu 64 Kameras. (Optional auch Lizenzen f\u00fcr Drittanbieter-kameras m\u00f6glich)\" \/>\n<meta property=\"og:url\" content=\"https:\/\/kjl-video.de\/staging\/shop\/vms-17-10\/\" \/>\n<meta property=\"og:site_name\" content=\"kjl-video.de\" \/>\n<meta property=\"article:modified_time\" content=\"2020-09-25T08:11:27+00:00\" \/>\n<meta property=\"og:image\" content=\"https:\/\/kjl-video.de\/staging\/wp-content\/uploads\/2018\/09\/VMS.png\" \/>\n\t<meta property=\"og:image:width\" content=\"1138\" \/>\n\t<meta property=\"og:image:height\" content=\"832\" \/>\n\t<meta property=\"og:image:type\" content=\"image\/png\" \/>\n<meta name=\"twitter:card\" content=\"summary_large_image\" \/>\n<script type=\"application\/ld+json\" class=\"yoast-schema-graph\">{\"@context\":\"https:\/\/schema.org\",\"@graph\":[{\"@type\":\"WebPage\",\"@id\":\"https:\/\/kjl-video.de\/staging\/shop\/vms-17-10\/\",\"url\":\"https:\/\/kjl-video.de\/staging\/shop\/vms-17-10\/\",\"name\":\"GeoVision VMS17 - kjl-video.de\",\"isPartOf\":{\"@id\":\"https:\/\/kjl-video.de\/staging\/#website\"},\"datePublished\":\"2018-09-19T07:00:38+00:00\",\"dateModified\":\"2020-09-25T08:11:27+00:00\",\"breadcrumb\":{\"@id\":\"https:\/\/kjl-video.de\/staging\/shop\/vms-17-10\/#breadcrumb\"},\"inLanguage\":\"de\",\"potentialAction\":[{\"@type\":\"ReadAction\",\"target\":[\"https:\/\/kjl-video.de\/staging\/shop\/vms-17-10\/\"]}]},{\"@type\":\"BreadcrumbList\",\"@id\":\"https:\/\/kjl-video.de\/staging\/shop\/vms-17-10\/#breadcrumb\",\"itemListElement\":[{\"@type\":\"ListItem\",\"position\":1,\"name\":\"Startseite\",\"item\":\"https:\/\/kjl-video.de\/staging\/\"},{\"@type\":\"ListItem\",\"position\":2,\"name\":\"Shop\",\"item\":\"https:\/\/kjl-video.de\/staging\/shop\/\"},{\"@type\":\"ListItem\",\"position\":3,\"name\":\"GeoVision VMS17\"}]},{\"@type\":\"WebSite\",\"@id\":\"https:\/\/kjl-video.de\/staging\/#website\",\"url\":\"https:\/\/kjl-video.de\/staging\/\",\"name\":\"kjl-video.de\",\"description\":\"Ihr kompetenter Partner f\u00fcr Video\u00fcberwachungen aus Hamburg\",\"publisher\":{\"@id\":\"https:\/\/kjl-video.de\/staging\/#organization\"},\"potentialAction\":[{\"@type\":\"SearchAction\",\"target\":{\"@type\":\"EntryPoint\",\"urlTemplate\":\"https:\/\/kjl-video.de\/staging\/?s={search_term_string}\"},\"query-input\":\"required name=search_term_string\"}],\"inLanguage\":\"de\"},{\"@type\":\"Organization\",\"@id\":\"https:\/\/kjl-video.de\/staging\/#organization\",\"name\":\"kjl-video.de\",\"url\":\"https:\/\/kjl-video.de\/staging\/\",\"logo\":{\"@type\":\"ImageObject\",\"inLanguage\":\"de\",\"@id\":\"https:\/\/kjl-video.de\/staging\/#\/schema\/logo\/image\/\",\"url\":\"https:\/\/kjl-video.de\/staging\/wp-content\/uploads\/2018\/06\/KJL_Logo.png\",\"contentUrl\":\"https:\/\/kjl-video.de\/staging\/wp-content\/uploads\/2018\/06\/KJL_Logo.png\",\"width\":272,\"height\":80,\"caption\":\"kjl-video.de\"},\"image\":{\"@id\":\"https:\/\/kjl-video.de\/staging\/#\/schema\/logo\/image\/\"}}]}<\/script>\n<!-- \/ Yoast SEO plugin. -->","yoast_head_json":{"title":"GeoVision VMS17 - kjl-video.de","robots":{"index":"noindex","follow":"follow","max-snippet":"max-snippet:-1","max-image-preview":"max-image-preview:large","max-video-preview":"max-video-preview:-1"},"og_locale":"de_DE","og_type":"article","og_title":"GeoVision VMS17 - kjl-video.de","og_description":"Die neueste Video Management Software von Geovision! Binden Sie kostenfrei bis zu 32 GV IP-Kameras an, oder erweitern Sie die Softwarelizenz gegen eine geringe Geb\u00fchr auf bis zu 64 Kameras. (Optional auch Lizenzen f\u00fcr Drittanbieter-kameras m\u00f6glich)","og_url":"https:\/\/kjl-video.de\/staging\/shop\/vms-17-10\/","og_site_name":"kjl-video.de","article_modified_time":"2020-09-25T08:11:27+00:00","og_image":[{"width":1138,"height":832,"url":"https:\/\/kjl-video.de\/staging\/wp-content\/uploads\/2018\/09\/VMS.png","type":"image\/png"}],"twitter_card":"summary_large_image","schema":{"@context":"https:\/\/schema.org","@graph":[{"@type":"WebPage","@id":"https:\/\/kjl-video.de\/staging\/shop\/vms-17-10\/","url":"https:\/\/kjl-video.de\/staging\/shop\/vms-17-10\/","name":"GeoVision VMS17 - kjl-video.de","isPartOf":{"@id":"https:\/\/kjl-video.de\/staging\/#website"},"datePublished":"2018-09-19T07:00:38+00:00","dateModified":"2020-09-25T08:11:27+00:00","breadcrumb":{"@id":"https:\/\/kjl-video.de\/staging\/shop\/vms-17-10\/#breadcrumb"},"inLanguage":"de","potentialAction":[{"@type":"ReadAction","target":["https:\/\/kjl-video.de\/staging\/shop\/vms-17-10\/"]}]},{"@type":"BreadcrumbList","@id":"https:\/\/kjl-video.de\/staging\/shop\/vms-17-10\/#breadcrumb","itemListElement":[{"@type":"ListItem","position":1,"name":"Startseite","item":"https:\/\/kjl-video.de\/staging\/"},{"@type":"ListItem","position":2,"name":"Shop","item":"https:\/\/kjl-video.de\/staging\/shop\/"},{"@type":"ListItem","position":3,"name":"GeoVision VMS17"}]},{"@type":"WebSite","@id":"https:\/\/kjl-video.de\/staging\/#website","url":"https:\/\/kjl-video.de\/staging\/","name":"kjl-video.de","description":"Ihr kompetenter Partner f\u00fcr Video\u00fcberwachungen aus Hamburg","publisher":{"@id":"https:\/\/kjl-video.de\/staging\/#organization"},"potentialAction":[{"@type":"SearchAction","target":{"@type":"EntryPoint","urlTemplate":"https:\/\/kjl-video.de\/staging\/?s={search_term_string}"},"query-input":"required name=search_term_string"}],"inLanguage":"de"},{"@type":"Organization","@id":"https:\/\/kjl-video.de\/staging\/#organization","name":"kjl-video.de","url":"https:\/\/kjl-video.de\/staging\/","logo":{"@type":"ImageObject","inLanguage":"de","@id":"https:\/\/kjl-video.de\/staging\/#\/schema\/logo\/image\/","url":"https:\/\/kjl-video.de\/staging\/wp-content\/uploads\/2018\/06\/KJL_Logo.png","contentUrl":"https:\/\/kjl-video.de\/staging\/wp-content\/uploads\/2018\/06\/KJL_Logo.png","width":272,"height":80,"caption":"kjl-video.de"},"image":{"@id":"https:\/\/kjl-video.de\/staging\/#\/schema\/logo\/image\/"}}]}},"_links":{"self":[{"href":"https:\/\/kjl-video.de\/staging\/wp-json\/wp\/v2\/product\/299"}],"collection":[{"href":"https:\/\/kjl-video.de\/staging\/wp-json\/wp\/v2\/product"}],"about":[{"href":"https:\/\/kjl-video.de\/staging\/wp-json\/wp\/v2\/types\/product"}],"wp:featuredmedia":[{"embeddable":true,"href":"https:\/\/kjl-video.de\/staging\/wp-json\/wp\/v2\/media\/300"}],"wp:attachment":[{"href":"https:\/\/kjl-video.de\/staging\/wp-json\/wp\/v2\/media?parent=299"}],"wp:term":[{"taxonomy":"product_cat","embeddable":true,"href":"https:\/\/kjl-video.de\/staging\/wp-json\/wp\/v2\/product_cat?post=299"},{"taxonomy":"product_tag","embeddable":true,"href":"https:\/\/kjl-video.de\/staging\/wp-json\/wp\/v2\/product_tag?post=299"}],"curies":[{"name":"wp","href":"https:\/\/api.w.org\/{rel}","templated":true}]}}