{"id":626,"date":"2019-05-21T12:22:23","date_gmt":"2019-05-21T10:22:23","guid":{"rendered":"https:\/\/kjl-video.de\/staging\/?post_type=product&#038;p=626"},"modified":"2020-09-25T10:31:30","modified_gmt":"2020-09-25T08:31:30","slug":"avd8710","status":"publish","type":"product","link":"https:\/\/kjl-video.de\/staging\/shop\/avd8710\/","title":{"rendered":"GeoVision AVD8710"},"content":{"rendered":"<ul>\n<li>1\/2\u201d Progressive Scan CMOS mit extrem niedrigem Lux<\/li>\n<li>Intelligentes IR<\/li>\n<li>Tag- und Nachtfunktion (mit abnehmbarem IR-Sperrfilter)<\/li>\n<li>Vandalismusschutz (IK10 f\u00fcr Metallgeh\u00e4use)<\/li>\n<li>Schutzart (IP67)<\/li>\n<li>3-Achsen-Mechanismus (Schwenken\/Neigen\/Drehen)<\/li>\n<li>Eingebauter Micro-SD-Kartensteckplatz (SD\/SDHC\/SDXC\/UHS-I) f\u00fcr die lokale Speicherung<\/li>\n<li>3D-Rauschunterdr\u00fcckung<\/li>\n<li>Text\u00fcberlagerung<\/li>\n<li>CE, FCC, RoHS, UL-konform<\/li>\n<li>Aluminiumgeh\u00e4use: wei\u00df<\/li>\n<\/ul>\n","protected":false},"excerpt":{"rendered":"<p>Die vandalensichere IP-Dome-Kamera ist eine Au\u00dfenkamera mit IK10-Vandalismusschutz und IP67-Schutz. Die AVD8710 unterst\u00fctzt den H.265-Videocodec, um ein besseres Komprimierungsverh\u00e4ltnis zu erzielen und gleichzeitig qualitativ hochwertige Bilder bei reduzierten Netzwerkbandbreiten zu erhalten. Die Kamera ist mit einem automatischen IR-Sperrfilter und IR-LEDs zur Tag- und Nacht\u00fcberwachung ausgestattet. Es ist in drei Achsen einstellbar (Schwenken, Neigen und Drehen) und bietet eine Einstiegsl\u00f6sung f\u00fcr die \u00dcberwachung mit allen wichtigen Funktionen und einer hervorragenden Bildqualit\u00e4t. Die Kamera ist in der Lage, eine farbige Live-Ansicht nicht nur bei Dunkelheit, sondern auch bei kontrastierenden Lichtintensit\u00e4ten mit ihrem CMOS-Bildsensor mit extrem niedrigem Lux und WDR pro zu liefern.<\/p>\n","protected":false},"featured_media":630,"template":"","meta":[],"product_cat":[73,77,33],"product_tag":[],"yoast_head":"<!-- This site is optimized with the Yoast SEO plugin v19.11 - https:\/\/yoast.com\/wordpress\/plugins\/seo\/ -->\n<title>GeoVision AVD8710 - kjl-video.de<\/title>\n<meta name=\"robots\" content=\"noindex, follow, max-snippet:-1, max-image-preview:large, max-video-preview:-1\" \/>\n<meta property=\"og:locale\" content=\"de_DE\" \/>\n<meta property=\"og:type\" content=\"article\" \/>\n<meta property=\"og:title\" content=\"GeoVision AVD8710 - kjl-video.de\" \/>\n<meta property=\"og:description\" content=\"Die vandalensichere IP-Dome-Kamera ist eine Au\u00dfenkamera mit IK10-Vandalismusschutz und IP67-Schutz. Die AVD8710 unterst\u00fctzt den H.265-Videocodec, um ein besseres Komprimierungsverh\u00e4ltnis zu erzielen und gleichzeitig qualitativ hochwertige Bilder bei reduzierten Netzwerkbandbreiten zu erhalten. Die Kamera ist mit einem automatischen IR-Sperrfilter und IR-LEDs zur Tag- und Nacht\u00fcberwachung ausgestattet. Es ist in drei Achsen einstellbar (Schwenken, Neigen und Drehen) und bietet eine Einstiegsl\u00f6sung f\u00fcr die \u00dcberwachung mit allen wichtigen Funktionen und einer hervorragenden Bildqualit\u00e4t. Die Kamera ist in der Lage, eine farbige Live-Ansicht nicht nur bei Dunkelheit, sondern auch bei kontrastierenden Lichtintensit\u00e4ten mit ihrem CMOS-Bildsensor mit extrem niedrigem Lux und WDR pro zu liefern.\" \/>\n<meta property=\"og:url\" content=\"https:\/\/kjl-video.de\/staging\/shop\/avd8710\/\" \/>\n<meta property=\"og:site_name\" content=\"kjl-video.de\" \/>\n<meta property=\"article:modified_time\" content=\"2020-09-25T08:31:30+00:00\" \/>\n<meta property=\"og:image\" content=\"https:\/\/kjl-video.de\/staging\/wp-content\/uploads\/2018\/09\/AVD4710_8710.png\" \/>\n\t<meta property=\"og:image:width\" content=\"800\" \/>\n\t<meta property=\"og:image:height\" content=\"800\" \/>\n\t<meta property=\"og:image:type\" content=\"image\/png\" \/>\n<meta name=\"twitter:card\" content=\"summary_large_image\" \/>\n<script type=\"application\/ld+json\" class=\"yoast-schema-graph\">{\"@context\":\"https:\/\/schema.org\",\"@graph\":[{\"@type\":\"WebPage\",\"@id\":\"https:\/\/kjl-video.de\/staging\/shop\/avd8710\/\",\"url\":\"https:\/\/kjl-video.de\/staging\/shop\/avd8710\/\",\"name\":\"GeoVision AVD8710 - kjl-video.de\",\"isPartOf\":{\"@id\":\"https:\/\/kjl-video.de\/staging\/#website\"},\"datePublished\":\"2019-05-21T10:22:23+00:00\",\"dateModified\":\"2020-09-25T08:31:30+00:00\",\"breadcrumb\":{\"@id\":\"https:\/\/kjl-video.de\/staging\/shop\/avd8710\/#breadcrumb\"},\"inLanguage\":\"de\",\"potentialAction\":[{\"@type\":\"ReadAction\",\"target\":[\"https:\/\/kjl-video.de\/staging\/shop\/avd8710\/\"]}]},{\"@type\":\"BreadcrumbList\",\"@id\":\"https:\/\/kjl-video.de\/staging\/shop\/avd8710\/#breadcrumb\",\"itemListElement\":[{\"@type\":\"ListItem\",\"position\":1,\"name\":\"Startseite\",\"item\":\"https:\/\/kjl-video.de\/staging\/\"},{\"@type\":\"ListItem\",\"position\":2,\"name\":\"Shop\",\"item\":\"https:\/\/kjl-video.de\/staging\/shop\/\"},{\"@type\":\"ListItem\",\"position\":3,\"name\":\"GeoVision AVD8710\"}]},{\"@type\":\"WebSite\",\"@id\":\"https:\/\/kjl-video.de\/staging\/#website\",\"url\":\"https:\/\/kjl-video.de\/staging\/\",\"name\":\"kjl-video.de\",\"description\":\"Ihr kompetenter Partner f\u00fcr Video\u00fcberwachungen aus Hamburg\",\"publisher\":{\"@id\":\"https:\/\/kjl-video.de\/staging\/#organization\"},\"potentialAction\":[{\"@type\":\"SearchAction\",\"target\":{\"@type\":\"EntryPoint\",\"urlTemplate\":\"https:\/\/kjl-video.de\/staging\/?s={search_term_string}\"},\"query-input\":\"required name=search_term_string\"}],\"inLanguage\":\"de\"},{\"@type\":\"Organization\",\"@id\":\"https:\/\/kjl-video.de\/staging\/#organization\",\"name\":\"kjl-video.de\",\"url\":\"https:\/\/kjl-video.de\/staging\/\",\"logo\":{\"@type\":\"ImageObject\",\"inLanguage\":\"de\",\"@id\":\"https:\/\/kjl-video.de\/staging\/#\/schema\/logo\/image\/\",\"url\":\"https:\/\/kjl-video.de\/staging\/wp-content\/uploads\/2018\/06\/KJL_Logo.png\",\"contentUrl\":\"https:\/\/kjl-video.de\/staging\/wp-content\/uploads\/2018\/06\/KJL_Logo.png\",\"width\":272,\"height\":80,\"caption\":\"kjl-video.de\"},\"image\":{\"@id\":\"https:\/\/kjl-video.de\/staging\/#\/schema\/logo\/image\/\"}}]}<\/script>\n<!-- \/ Yoast SEO plugin. -->","yoast_head_json":{"title":"GeoVision AVD8710 - kjl-video.de","robots":{"index":"noindex","follow":"follow","max-snippet":"max-snippet:-1","max-image-preview":"max-image-preview:large","max-video-preview":"max-video-preview:-1"},"og_locale":"de_DE","og_type":"article","og_title":"GeoVision AVD8710 - kjl-video.de","og_description":"Die vandalensichere IP-Dome-Kamera ist eine Au\u00dfenkamera mit IK10-Vandalismusschutz und IP67-Schutz. Die AVD8710 unterst\u00fctzt den H.265-Videocodec, um ein besseres Komprimierungsverh\u00e4ltnis zu erzielen und gleichzeitig qualitativ hochwertige Bilder bei reduzierten Netzwerkbandbreiten zu erhalten. Die Kamera ist mit einem automatischen IR-Sperrfilter und IR-LEDs zur Tag- und Nacht\u00fcberwachung ausgestattet. Es ist in drei Achsen einstellbar (Schwenken, Neigen und Drehen) und bietet eine Einstiegsl\u00f6sung f\u00fcr die \u00dcberwachung mit allen wichtigen Funktionen und einer hervorragenden Bildqualit\u00e4t. Die Kamera ist in der Lage, eine farbige Live-Ansicht nicht nur bei Dunkelheit, sondern auch bei kontrastierenden Lichtintensit\u00e4ten mit ihrem CMOS-Bildsensor mit extrem niedrigem Lux und WDR pro zu liefern.","og_url":"https:\/\/kjl-video.de\/staging\/shop\/avd8710\/","og_site_name":"kjl-video.de","article_modified_time":"2020-09-25T08:31:30+00:00","og_image":[{"width":800,"height":800,"url":"https:\/\/kjl-video.de\/staging\/wp-content\/uploads\/2018\/09\/AVD4710_8710.png","type":"image\/png"}],"twitter_card":"summary_large_image","schema":{"@context":"https:\/\/schema.org","@graph":[{"@type":"WebPage","@id":"https:\/\/kjl-video.de\/staging\/shop\/avd8710\/","url":"https:\/\/kjl-video.de\/staging\/shop\/avd8710\/","name":"GeoVision AVD8710 - kjl-video.de","isPartOf":{"@id":"https:\/\/kjl-video.de\/staging\/#website"},"datePublished":"2019-05-21T10:22:23+00:00","dateModified":"2020-09-25T08:31:30+00:00","breadcrumb":{"@id":"https:\/\/kjl-video.de\/staging\/shop\/avd8710\/#breadcrumb"},"inLanguage":"de","potentialAction":[{"@type":"ReadAction","target":["https:\/\/kjl-video.de\/staging\/shop\/avd8710\/"]}]},{"@type":"BreadcrumbList","@id":"https:\/\/kjl-video.de\/staging\/shop\/avd8710\/#breadcrumb","itemListElement":[{"@type":"ListItem","position":1,"name":"Startseite","item":"https:\/\/kjl-video.de\/staging\/"},{"@type":"ListItem","position":2,"name":"Shop","item":"https:\/\/kjl-video.de\/staging\/shop\/"},{"@type":"ListItem","position":3,"name":"GeoVision AVD8710"}]},{"@type":"WebSite","@id":"https:\/\/kjl-video.de\/staging\/#website","url":"https:\/\/kjl-video.de\/staging\/","name":"kjl-video.de","description":"Ihr kompetenter Partner f\u00fcr Video\u00fcberwachungen aus Hamburg","publisher":{"@id":"https:\/\/kjl-video.de\/staging\/#organization"},"potentialAction":[{"@type":"SearchAction","target":{"@type":"EntryPoint","urlTemplate":"https:\/\/kjl-video.de\/staging\/?s={search_term_string}"},"query-input":"required name=search_term_string"}],"inLanguage":"de"},{"@type":"Organization","@id":"https:\/\/kjl-video.de\/staging\/#organization","name":"kjl-video.de","url":"https:\/\/kjl-video.de\/staging\/","logo":{"@type":"ImageObject","inLanguage":"de","@id":"https:\/\/kjl-video.de\/staging\/#\/schema\/logo\/image\/","url":"https:\/\/kjl-video.de\/staging\/wp-content\/uploads\/2018\/06\/KJL_Logo.png","contentUrl":"https:\/\/kjl-video.de\/staging\/wp-content\/uploads\/2018\/06\/KJL_Logo.png","width":272,"height":80,"caption":"kjl-video.de"},"image":{"@id":"https:\/\/kjl-video.de\/staging\/#\/schema\/logo\/image\/"}}]}},"_links":{"self":[{"href":"https:\/\/kjl-video.de\/staging\/wp-json\/wp\/v2\/product\/626"}],"collection":[{"href":"https:\/\/kjl-video.de\/staging\/wp-json\/wp\/v2\/product"}],"about":[{"href":"https:\/\/kjl-video.de\/staging\/wp-json\/wp\/v2\/types\/product"}],"wp:featuredmedia":[{"embeddable":true,"href":"https:\/\/kjl-video.de\/staging\/wp-json\/wp\/v2\/media\/630"}],"wp:attachment":[{"href":"https:\/\/kjl-video.de\/staging\/wp-json\/wp\/v2\/media?parent=626"}],"wp:term":[{"taxonomy":"product_cat","embeddable":true,"href":"https:\/\/kjl-video.de\/staging\/wp-json\/wp\/v2\/product_cat?post=626"},{"taxonomy":"product_tag","embeddable":true,"href":"https:\/\/kjl-video.de\/staging\/wp-json\/wp\/v2\/product_tag?post=626"}],"curies":[{"name":"wp","href":"https:\/\/api.w.org\/{rel}","templated":true}]}}