{"id":698,"date":"2019-06-14T15:00:43","date_gmt":"2019-06-14T13:00:43","guid":{"rendered":"https:\/\/kjl-video.de\/staging\/?post_type=product&#038;p=698"},"modified":"2020-09-25T10:52:53","modified_gmt":"2020-09-25T08:52:53","slug":"mfd2700","status":"publish","type":"product","link":"https:\/\/kjl-video.de\/staging\/shop\/mfd2700\/","title":{"rendered":"GeoVision MFD2700"},"content":{"rendered":"<ul>\n<li>1\/2,8&#8243; Progressive Scan Super Low Lux CMOS<\/li>\n<li>Intelligentes IR<\/li>\n<li>3-Achsen-Mechanismus (Schwenken\/Neigen\/Drehen)<\/li>\n<li>Ein Sensoreingang und ein Alarmausgang<\/li>\n<li>Eingebauter Micro-SD-Kartensteckplatz (SD\/SDHC\/SDXC\/UHS-I) f\u00fcr die lokale Speicherung<\/li>\n<li>Tag- und Nachtfunktion (mit abnehmbarem IR-Sperrfilter)<\/li>\n<li>Megapixel-Objektiv<\/li>\n<li>3D-Rauschunterdr\u00fcckung<\/li>\n<li>Intelligentes Streaming<\/li>\n<li>Text\u00fcberlagerung<\/li>\n<li>IP-Adressfilterung<\/li>\n<li>Vom Aufzeichnungsmanager zugewiesene Aufzeichnung (Windows-, Mac-Version)<\/li>\n<li>Unterst\u00fctzt iPhone, iPad, Android und 3GPP<\/li>\n<li>Kunststoffgeh\u00e4use: wei\u00df<\/li>\n<\/ul>\n","protected":false},"excerpt":{"rendered":"<p>Die MFD2700-Serie bietet eine feste Mini-Netzwerkkamera f\u00fcr den Innenbereich mit 3-Achsen-Mechanismus f\u00fcr eine einfache und flexible Installation. Die MFD2700-Serie unterst\u00fctzt den H.265-Videocodec, um ein besseres Komprimierungsverh\u00e4ltnis zu erzielen und gleichzeitig eine hohe Bildqualit\u00e4t bei reduzierten Netzwerkbandbreiten zu gew\u00e4hrleisten. Die Kamera kann Szenen mit kontrastierender Lichtintensit\u00e4t verarbeiten und mit dem integrierten WDR Pro ein klares Bild erzeugen. Die Kamera ist mit einem Super-Low-Lux-CMOS-Bildsensor ausgestattet, mit dem die Kamera eine farbige Live-Ansicht bei Dunkelheit liefert.<\/p>\n","protected":false},"featured_media":779,"template":"","meta":[],"product_cat":[73,77,33],"product_tag":[],"yoast_head":"<!-- This site is optimized with the Yoast SEO plugin v19.11 - https:\/\/yoast.com\/wordpress\/plugins\/seo\/ -->\n<title>GeoVision MFD2700 - kjl-video.de<\/title>\n<meta name=\"robots\" content=\"noindex, follow, max-snippet:-1, max-image-preview:large, max-video-preview:-1\" \/>\n<meta property=\"og:locale\" content=\"de_DE\" \/>\n<meta property=\"og:type\" content=\"article\" \/>\n<meta property=\"og:title\" content=\"GeoVision MFD2700 - kjl-video.de\" \/>\n<meta property=\"og:description\" content=\"Die MFD2700-Serie bietet eine feste Mini-Netzwerkkamera f\u00fcr den Innenbereich mit 3-Achsen-Mechanismus f\u00fcr eine einfache und flexible Installation. Die MFD2700-Serie unterst\u00fctzt den H.265-Videocodec, um ein besseres Komprimierungsverh\u00e4ltnis zu erzielen und gleichzeitig eine hohe Bildqualit\u00e4t bei reduzierten Netzwerkbandbreiten zu gew\u00e4hrleisten. Die Kamera kann Szenen mit kontrastierender Lichtintensit\u00e4t verarbeiten und mit dem integrierten WDR Pro ein klares Bild erzeugen. Die Kamera ist mit einem Super-Low-Lux-CMOS-Bildsensor ausgestattet, mit dem die Kamera eine farbige Live-Ansicht bei Dunkelheit liefert.\" \/>\n<meta property=\"og:url\" content=\"https:\/\/kjl-video.de\/staging\/shop\/mfd2700\/\" \/>\n<meta property=\"og:site_name\" content=\"kjl-video.de\" \/>\n<meta property=\"article:modified_time\" content=\"2020-09-25T08:52:53+00:00\" \/>\n<meta property=\"og:image\" content=\"https:\/\/kjl-video.de\/staging\/wp-content\/uploads\/2019\/06\/MFD2700.png\" \/>\n\t<meta property=\"og:image:width\" content=\"800\" \/>\n\t<meta property=\"og:image:height\" content=\"800\" \/>\n\t<meta property=\"og:image:type\" content=\"image\/png\" \/>\n<meta name=\"twitter:card\" content=\"summary_large_image\" \/>\n<script type=\"application\/ld+json\" class=\"yoast-schema-graph\">{\"@context\":\"https:\/\/schema.org\",\"@graph\":[{\"@type\":\"WebPage\",\"@id\":\"https:\/\/kjl-video.de\/staging\/shop\/mfd2700\/\",\"url\":\"https:\/\/kjl-video.de\/staging\/shop\/mfd2700\/\",\"name\":\"GeoVision MFD2700 - kjl-video.de\",\"isPartOf\":{\"@id\":\"https:\/\/kjl-video.de\/staging\/#website\"},\"datePublished\":\"2019-06-14T13:00:43+00:00\",\"dateModified\":\"2020-09-25T08:52:53+00:00\",\"breadcrumb\":{\"@id\":\"https:\/\/kjl-video.de\/staging\/shop\/mfd2700\/#breadcrumb\"},\"inLanguage\":\"de\",\"potentialAction\":[{\"@type\":\"ReadAction\",\"target\":[\"https:\/\/kjl-video.de\/staging\/shop\/mfd2700\/\"]}]},{\"@type\":\"BreadcrumbList\",\"@id\":\"https:\/\/kjl-video.de\/staging\/shop\/mfd2700\/#breadcrumb\",\"itemListElement\":[{\"@type\":\"ListItem\",\"position\":1,\"name\":\"Startseite\",\"item\":\"https:\/\/kjl-video.de\/staging\/\"},{\"@type\":\"ListItem\",\"position\":2,\"name\":\"Shop\",\"item\":\"https:\/\/kjl-video.de\/staging\/shop\/\"},{\"@type\":\"ListItem\",\"position\":3,\"name\":\"GeoVision MFD2700\"}]},{\"@type\":\"WebSite\",\"@id\":\"https:\/\/kjl-video.de\/staging\/#website\",\"url\":\"https:\/\/kjl-video.de\/staging\/\",\"name\":\"kjl-video.de\",\"description\":\"Ihr kompetenter Partner f\u00fcr Video\u00fcberwachungen aus Hamburg\",\"publisher\":{\"@id\":\"https:\/\/kjl-video.de\/staging\/#organization\"},\"potentialAction\":[{\"@type\":\"SearchAction\",\"target\":{\"@type\":\"EntryPoint\",\"urlTemplate\":\"https:\/\/kjl-video.de\/staging\/?s={search_term_string}\"},\"query-input\":\"required name=search_term_string\"}],\"inLanguage\":\"de\"},{\"@type\":\"Organization\",\"@id\":\"https:\/\/kjl-video.de\/staging\/#organization\",\"name\":\"kjl-video.de\",\"url\":\"https:\/\/kjl-video.de\/staging\/\",\"logo\":{\"@type\":\"ImageObject\",\"inLanguage\":\"de\",\"@id\":\"https:\/\/kjl-video.de\/staging\/#\/schema\/logo\/image\/\",\"url\":\"https:\/\/kjl-video.de\/staging\/wp-content\/uploads\/2018\/06\/KJL_Logo.png\",\"contentUrl\":\"https:\/\/kjl-video.de\/staging\/wp-content\/uploads\/2018\/06\/KJL_Logo.png\",\"width\":272,\"height\":80,\"caption\":\"kjl-video.de\"},\"image\":{\"@id\":\"https:\/\/kjl-video.de\/staging\/#\/schema\/logo\/image\/\"}}]}<\/script>\n<!-- \/ Yoast SEO plugin. -->","yoast_head_json":{"title":"GeoVision MFD2700 - kjl-video.de","robots":{"index":"noindex","follow":"follow","max-snippet":"max-snippet:-1","max-image-preview":"max-image-preview:large","max-video-preview":"max-video-preview:-1"},"og_locale":"de_DE","og_type":"article","og_title":"GeoVision MFD2700 - kjl-video.de","og_description":"Die MFD2700-Serie bietet eine feste Mini-Netzwerkkamera f\u00fcr den Innenbereich mit 3-Achsen-Mechanismus f\u00fcr eine einfache und flexible Installation. Die MFD2700-Serie unterst\u00fctzt den H.265-Videocodec, um ein besseres Komprimierungsverh\u00e4ltnis zu erzielen und gleichzeitig eine hohe Bildqualit\u00e4t bei reduzierten Netzwerkbandbreiten zu gew\u00e4hrleisten. Die Kamera kann Szenen mit kontrastierender Lichtintensit\u00e4t verarbeiten und mit dem integrierten WDR Pro ein klares Bild erzeugen. Die Kamera ist mit einem Super-Low-Lux-CMOS-Bildsensor ausgestattet, mit dem die Kamera eine farbige Live-Ansicht bei Dunkelheit liefert.","og_url":"https:\/\/kjl-video.de\/staging\/shop\/mfd2700\/","og_site_name":"kjl-video.de","article_modified_time":"2020-09-25T08:52:53+00:00","og_image":[{"width":800,"height":800,"url":"https:\/\/kjl-video.de\/staging\/wp-content\/uploads\/2019\/06\/MFD2700.png","type":"image\/png"}],"twitter_card":"summary_large_image","schema":{"@context":"https:\/\/schema.org","@graph":[{"@type":"WebPage","@id":"https:\/\/kjl-video.de\/staging\/shop\/mfd2700\/","url":"https:\/\/kjl-video.de\/staging\/shop\/mfd2700\/","name":"GeoVision MFD2700 - kjl-video.de","isPartOf":{"@id":"https:\/\/kjl-video.de\/staging\/#website"},"datePublished":"2019-06-14T13:00:43+00:00","dateModified":"2020-09-25T08:52:53+00:00","breadcrumb":{"@id":"https:\/\/kjl-video.de\/staging\/shop\/mfd2700\/#breadcrumb"},"inLanguage":"de","potentialAction":[{"@type":"ReadAction","target":["https:\/\/kjl-video.de\/staging\/shop\/mfd2700\/"]}]},{"@type":"BreadcrumbList","@id":"https:\/\/kjl-video.de\/staging\/shop\/mfd2700\/#breadcrumb","itemListElement":[{"@type":"ListItem","position":1,"name":"Startseite","item":"https:\/\/kjl-video.de\/staging\/"},{"@type":"ListItem","position":2,"name":"Shop","item":"https:\/\/kjl-video.de\/staging\/shop\/"},{"@type":"ListItem","position":3,"name":"GeoVision MFD2700"}]},{"@type":"WebSite","@id":"https:\/\/kjl-video.de\/staging\/#website","url":"https:\/\/kjl-video.de\/staging\/","name":"kjl-video.de","description":"Ihr kompetenter Partner f\u00fcr Video\u00fcberwachungen aus Hamburg","publisher":{"@id":"https:\/\/kjl-video.de\/staging\/#organization"},"potentialAction":[{"@type":"SearchAction","target":{"@type":"EntryPoint","urlTemplate":"https:\/\/kjl-video.de\/staging\/?s={search_term_string}"},"query-input":"required name=search_term_string"}],"inLanguage":"de"},{"@type":"Organization","@id":"https:\/\/kjl-video.de\/staging\/#organization","name":"kjl-video.de","url":"https:\/\/kjl-video.de\/staging\/","logo":{"@type":"ImageObject","inLanguage":"de","@id":"https:\/\/kjl-video.de\/staging\/#\/schema\/logo\/image\/","url":"https:\/\/kjl-video.de\/staging\/wp-content\/uploads\/2018\/06\/KJL_Logo.png","contentUrl":"https:\/\/kjl-video.de\/staging\/wp-content\/uploads\/2018\/06\/KJL_Logo.png","width":272,"height":80,"caption":"kjl-video.de"},"image":{"@id":"https:\/\/kjl-video.de\/staging\/#\/schema\/logo\/image\/"}}]}},"_links":{"self":[{"href":"https:\/\/kjl-video.de\/staging\/wp-json\/wp\/v2\/product\/698"}],"collection":[{"href":"https:\/\/kjl-video.de\/staging\/wp-json\/wp\/v2\/product"}],"about":[{"href":"https:\/\/kjl-video.de\/staging\/wp-json\/wp\/v2\/types\/product"}],"wp:featuredmedia":[{"embeddable":true,"href":"https:\/\/kjl-video.de\/staging\/wp-json\/wp\/v2\/media\/779"}],"wp:attachment":[{"href":"https:\/\/kjl-video.de\/staging\/wp-json\/wp\/v2\/media?parent=698"}],"wp:term":[{"taxonomy":"product_cat","embeddable":true,"href":"https:\/\/kjl-video.de\/staging\/wp-json\/wp\/v2\/product_cat?post=698"},{"taxonomy":"product_tag","embeddable":true,"href":"https:\/\/kjl-video.de\/staging\/wp-json\/wp\/v2\/product_tag?post=698"}],"curies":[{"name":"wp","href":"https:\/\/api.w.org\/{rel}","templated":true}]}}