{"id":708,"date":"2019-06-18T11:13:51","date_gmt":"2019-06-18T09:13:51","guid":{"rendered":"https:\/\/kjl-video.de\/staging\/?post_type=product&#038;p=708"},"modified":"2019-10-29T09:37:18","modified_gmt":"2019-10-29T08:37:18","slug":"pptz14031","status":"publish","type":"product","link":"https:\/\/kjl-video.de\/staging\/shop\/pptz14031\/","title":{"rendered":"GeoVision PPTZ14031"},"content":{"rendered":"<ul>\n<li>Panorama-Fischaugen-Kamera (FE) mit integriertem PTZ-Speeddome (SD)\n<ul>\n<li>FE: 1 \/ 1,7&#8220;Progressive Scan Low Lux CMOS<\/li>\n<li>SD: 1 \/ 3&#8217;Progressive Scan Low Lux CMOS<\/li>\n<li>FE: Tag- und Nachtfunktion (elektronisch)<\/li>\n<li>SD: Tag- und Nachtfunktion (mit abnehmbarem IR-Sperrfilter)<\/li>\n<li>FE: Ein integrierter MicroSD-Kartensteckplatz (SD\/SDHC\/SDXC\/UHS-I, Klasse 10) f\u00fcr die lokale Speicherung<\/li>\n<li>SD: Ein integrierter SD-Kartensteckplatz (SD\/SDHC\/SDXC\/UHS-Class10) f\u00fcr die lokale Speicherung<\/li>\n<li>FE: Bietet eine 360\u00b0-Panoramaansicht<\/li>\n<li>SD: 30-facher optischer Zoom und 32-facher Digitalzoom<\/li>\n<li>SD: 360\u00b0 schwenken und von 15\u00b0 auf 195\u00b0 neigen<\/li>\n<li>SD: Voreingestellte Geschwindigkeit bis zu 460\u00b0\/s<\/li>\n<li>SD: PTZ-Bewegung (Voreinstellung, Sequenz, AutoPan, CruiseandTour)<\/li>\n<\/ul>\n<\/li>\n<li>Gro\u00dfe Temperaturtoleranz (\u201040\u00b0C ~ 50\u00b0C)<\/li>\n<li>Vier Sensoreing\u00e4nge und ein Alarmausgang<\/li>\n<li>2D-Rauschunterdr\u00fcckung<\/li>\n<li>Visuelle Automatisierung<\/li>\n<li>Text\u00fcberlagerung<\/li>\n<li>Kunststoffgeh\u00e4use: wei\u00df<\/li>\n<\/ul>\n","protected":false},"excerpt":{"rendered":"<p>Die PPTZ14031 ist eine 2-in-1-Panorama-PTZ-IP-Kamera mit einer 12-MP-Fischaugen-Panoramakamera und einem 2-MP-IP-Speed-Dome. Mit der Fisheye-Kamera k\u00f6nnen Sie alle Winkel eines Standorts \u00fcberwachen, w\u00e4hrend die Speed \u200b\u200bDome-Kamera mit nur einem Klick auf die Fisheye-Liveansicht sofort auf einen Bereich zeigen kann. Ohne die Installation von Software k\u00f6nnen Sie die Live-Ansicht anzeigen und Funktionen wie Bewegungserkennung, Datenschutzmaske und Alarmbenachrichtigung \u00fcber die Webschnittstelle verwenden.<\/p>\n","protected":false},"featured_media":783,"template":"","meta":[],"product_cat":[73,208,176,33],"product_tag":[],"yoast_head":"<!-- This site is optimized with the Yoast SEO plugin v19.11 - https:\/\/yoast.com\/wordpress\/plugins\/seo\/ -->\n<title>GeoVision PPTZ14031 - kjl-video.de<\/title>\n<meta name=\"robots\" content=\"noindex, follow, max-snippet:-1, max-image-preview:large, max-video-preview:-1\" \/>\n<meta property=\"og:locale\" content=\"de_DE\" \/>\n<meta property=\"og:type\" content=\"article\" \/>\n<meta property=\"og:title\" content=\"GeoVision PPTZ14031 - kjl-video.de\" \/>\n<meta property=\"og:description\" content=\"Die PPTZ14031 ist eine 2-in-1-Panorama-PTZ-IP-Kamera mit einer 12-MP-Fischaugen-Panoramakamera und einem 2-MP-IP-Speed-Dome. Mit der Fisheye-Kamera k\u00f6nnen Sie alle Winkel eines Standorts \u00fcberwachen, w\u00e4hrend die Speed \u200b\u200bDome-Kamera mit nur einem Klick auf die Fisheye-Liveansicht sofort auf einen Bereich zeigen kann. Ohne die Installation von Software k\u00f6nnen Sie die Live-Ansicht anzeigen und Funktionen wie Bewegungserkennung, Datenschutzmaske und Alarmbenachrichtigung \u00fcber die Webschnittstelle verwenden.\" \/>\n<meta property=\"og:url\" content=\"https:\/\/kjl-video.de\/staging\/shop\/pptz14031\/\" \/>\n<meta property=\"og:site_name\" content=\"kjl-video.de\" \/>\n<meta property=\"article:modified_time\" content=\"2019-10-29T08:37:18+00:00\" \/>\n<meta property=\"og:image\" content=\"https:\/\/kjl-video.de\/staging\/wp-content\/uploads\/2019\/06\/PPTZ14031.png\" \/>\n\t<meta property=\"og:image:width\" content=\"800\" \/>\n\t<meta property=\"og:image:height\" content=\"800\" \/>\n\t<meta property=\"og:image:type\" content=\"image\/png\" \/>\n<meta name=\"twitter:card\" content=\"summary_large_image\" \/>\n<meta name=\"twitter:label1\" content=\"Gesch\u00e4tzte Lesezeit\" \/>\n\t<meta name=\"twitter:data1\" content=\"1\u00a0Minute\" \/>\n<script type=\"application\/ld+json\" class=\"yoast-schema-graph\">{\"@context\":\"https:\/\/schema.org\",\"@graph\":[{\"@type\":\"WebPage\",\"@id\":\"https:\/\/kjl-video.de\/staging\/shop\/pptz14031\/\",\"url\":\"https:\/\/kjl-video.de\/staging\/shop\/pptz14031\/\",\"name\":\"GeoVision PPTZ14031 - kjl-video.de\",\"isPartOf\":{\"@id\":\"https:\/\/kjl-video.de\/staging\/#website\"},\"datePublished\":\"2019-06-18T09:13:51+00:00\",\"dateModified\":\"2019-10-29T08:37:18+00:00\",\"breadcrumb\":{\"@id\":\"https:\/\/kjl-video.de\/staging\/shop\/pptz14031\/#breadcrumb\"},\"inLanguage\":\"de\",\"potentialAction\":[{\"@type\":\"ReadAction\",\"target\":[\"https:\/\/kjl-video.de\/staging\/shop\/pptz14031\/\"]}]},{\"@type\":\"BreadcrumbList\",\"@id\":\"https:\/\/kjl-video.de\/staging\/shop\/pptz14031\/#breadcrumb\",\"itemListElement\":[{\"@type\":\"ListItem\",\"position\":1,\"name\":\"Startseite\",\"item\":\"https:\/\/kjl-video.de\/staging\/\"},{\"@type\":\"ListItem\",\"position\":2,\"name\":\"Shop\",\"item\":\"https:\/\/kjl-video.de\/staging\/shop\/\"},{\"@type\":\"ListItem\",\"position\":3,\"name\":\"GeoVision PPTZ14031\"}]},{\"@type\":\"WebSite\",\"@id\":\"https:\/\/kjl-video.de\/staging\/#website\",\"url\":\"https:\/\/kjl-video.de\/staging\/\",\"name\":\"kjl-video.de\",\"description\":\"Ihr kompetenter Partner f\u00fcr Video\u00fcberwachungen aus Hamburg\",\"publisher\":{\"@id\":\"https:\/\/kjl-video.de\/staging\/#organization\"},\"potentialAction\":[{\"@type\":\"SearchAction\",\"target\":{\"@type\":\"EntryPoint\",\"urlTemplate\":\"https:\/\/kjl-video.de\/staging\/?s={search_term_string}\"},\"query-input\":\"required name=search_term_string\"}],\"inLanguage\":\"de\"},{\"@type\":\"Organization\",\"@id\":\"https:\/\/kjl-video.de\/staging\/#organization\",\"name\":\"kjl-video.de\",\"url\":\"https:\/\/kjl-video.de\/staging\/\",\"logo\":{\"@type\":\"ImageObject\",\"inLanguage\":\"de\",\"@id\":\"https:\/\/kjl-video.de\/staging\/#\/schema\/logo\/image\/\",\"url\":\"https:\/\/kjl-video.de\/staging\/wp-content\/uploads\/2018\/06\/KJL_Logo.png\",\"contentUrl\":\"https:\/\/kjl-video.de\/staging\/wp-content\/uploads\/2018\/06\/KJL_Logo.png\",\"width\":272,\"height\":80,\"caption\":\"kjl-video.de\"},\"image\":{\"@id\":\"https:\/\/kjl-video.de\/staging\/#\/schema\/logo\/image\/\"}}]}<\/script>\n<!-- \/ Yoast SEO plugin. -->","yoast_head_json":{"title":"GeoVision PPTZ14031 - kjl-video.de","robots":{"index":"noindex","follow":"follow","max-snippet":"max-snippet:-1","max-image-preview":"max-image-preview:large","max-video-preview":"max-video-preview:-1"},"og_locale":"de_DE","og_type":"article","og_title":"GeoVision PPTZ14031 - kjl-video.de","og_description":"Die PPTZ14031 ist eine 2-in-1-Panorama-PTZ-IP-Kamera mit einer 12-MP-Fischaugen-Panoramakamera und einem 2-MP-IP-Speed-Dome. Mit der Fisheye-Kamera k\u00f6nnen Sie alle Winkel eines Standorts \u00fcberwachen, w\u00e4hrend die Speed \u200b\u200bDome-Kamera mit nur einem Klick auf die Fisheye-Liveansicht sofort auf einen Bereich zeigen kann. Ohne die Installation von Software k\u00f6nnen Sie die Live-Ansicht anzeigen und Funktionen wie Bewegungserkennung, Datenschutzmaske und Alarmbenachrichtigung \u00fcber die Webschnittstelle verwenden.","og_url":"https:\/\/kjl-video.de\/staging\/shop\/pptz14031\/","og_site_name":"kjl-video.de","article_modified_time":"2019-10-29T08:37:18+00:00","og_image":[{"width":800,"height":800,"url":"https:\/\/kjl-video.de\/staging\/wp-content\/uploads\/2019\/06\/PPTZ14031.png","type":"image\/png"}],"twitter_card":"summary_large_image","twitter_misc":{"Gesch\u00e4tzte Lesezeit":"1\u00a0Minute"},"schema":{"@context":"https:\/\/schema.org","@graph":[{"@type":"WebPage","@id":"https:\/\/kjl-video.de\/staging\/shop\/pptz14031\/","url":"https:\/\/kjl-video.de\/staging\/shop\/pptz14031\/","name":"GeoVision PPTZ14031 - kjl-video.de","isPartOf":{"@id":"https:\/\/kjl-video.de\/staging\/#website"},"datePublished":"2019-06-18T09:13:51+00:00","dateModified":"2019-10-29T08:37:18+00:00","breadcrumb":{"@id":"https:\/\/kjl-video.de\/staging\/shop\/pptz14031\/#breadcrumb"},"inLanguage":"de","potentialAction":[{"@type":"ReadAction","target":["https:\/\/kjl-video.de\/staging\/shop\/pptz14031\/"]}]},{"@type":"BreadcrumbList","@id":"https:\/\/kjl-video.de\/staging\/shop\/pptz14031\/#breadcrumb","itemListElement":[{"@type":"ListItem","position":1,"name":"Startseite","item":"https:\/\/kjl-video.de\/staging\/"},{"@type":"ListItem","position":2,"name":"Shop","item":"https:\/\/kjl-video.de\/staging\/shop\/"},{"@type":"ListItem","position":3,"name":"GeoVision PPTZ14031"}]},{"@type":"WebSite","@id":"https:\/\/kjl-video.de\/staging\/#website","url":"https:\/\/kjl-video.de\/staging\/","name":"kjl-video.de","description":"Ihr kompetenter Partner f\u00fcr Video\u00fcberwachungen aus Hamburg","publisher":{"@id":"https:\/\/kjl-video.de\/staging\/#organization"},"potentialAction":[{"@type":"SearchAction","target":{"@type":"EntryPoint","urlTemplate":"https:\/\/kjl-video.de\/staging\/?s={search_term_string}"},"query-input":"required name=search_term_string"}],"inLanguage":"de"},{"@type":"Organization","@id":"https:\/\/kjl-video.de\/staging\/#organization","name":"kjl-video.de","url":"https:\/\/kjl-video.de\/staging\/","logo":{"@type":"ImageObject","inLanguage":"de","@id":"https:\/\/kjl-video.de\/staging\/#\/schema\/logo\/image\/","url":"https:\/\/kjl-video.de\/staging\/wp-content\/uploads\/2018\/06\/KJL_Logo.png","contentUrl":"https:\/\/kjl-video.de\/staging\/wp-content\/uploads\/2018\/06\/KJL_Logo.png","width":272,"height":80,"caption":"kjl-video.de"},"image":{"@id":"https:\/\/kjl-video.de\/staging\/#\/schema\/logo\/image\/"}}]}},"_links":{"self":[{"href":"https:\/\/kjl-video.de\/staging\/wp-json\/wp\/v2\/product\/708"}],"collection":[{"href":"https:\/\/kjl-video.de\/staging\/wp-json\/wp\/v2\/product"}],"about":[{"href":"https:\/\/kjl-video.de\/staging\/wp-json\/wp\/v2\/types\/product"}],"wp:featuredmedia":[{"embeddable":true,"href":"https:\/\/kjl-video.de\/staging\/wp-json\/wp\/v2\/media\/783"}],"wp:attachment":[{"href":"https:\/\/kjl-video.de\/staging\/wp-json\/wp\/v2\/media?parent=708"}],"wp:term":[{"taxonomy":"product_cat","embeddable":true,"href":"https:\/\/kjl-video.de\/staging\/wp-json\/wp\/v2\/product_cat?post=708"},{"taxonomy":"product_tag","embeddable":true,"href":"https:\/\/kjl-video.de\/staging\/wp-json\/wp\/v2\/product_tag?post=708"}],"curies":[{"name":"wp","href":"https:\/\/api.w.org\/{rel}","templated":true}]}}