{"id":711,"date":"2019-06-18T12:25:00","date_gmt":"2019-06-18T10:25:00","guid":{"rendered":"https:\/\/kjl-video.de\/staging\/?post_type=product&#038;p=711"},"modified":"2019-10-29T09:37:05","modified_gmt":"2019-10-29T08:37:05","slug":"bx12201","status":"publish","type":"product","link":"https:\/\/kjl-video.de\/staging\/shop\/bx12201\/","title":{"rendered":"GeoVision BX12201"},"content":{"rendered":"<ul>\n<li>1\/1,7&#8243; CMOS mit progressiver Abtastung<\/li>\n<li>Ein Sensoreingang und ein Alarmausgang<\/li>\n<li>TV-Out-Unterst\u00fctzung<\/li>\n<li>Mini-USB-Steckplatz f\u00fcr WiFi-Adapter<\/li>\n<li>Eingebauter Micro-SD-Kartensteckplatz (SD\/SDHC\/SDXC\/UHS-I) f\u00fcr die lokale Speicherung<\/li>\n<li>Abnehmbarer IR-Sperrfilter f\u00fcr Tag\/Nacht-Funktion<\/li>\n<li>Geringe Lux-Verbesserung<\/li>\n<li>3D-Rauschunterdr\u00fcckung<\/li>\n<li>Intelligentes Streaming<\/li>\n<li>IP-Adressfilterung<\/li>\n<li>Vom Aufzeichnungsmanager zugewiesene Aufzeichnung (Windows-, Mac-Version)<\/li>\n<li>Unterst\u00fctzt iPhone, iPad, Android und 3GPP<\/li>\n<li>Kunststoffgeh\u00e4use: wei\u00df<\/li>\n<\/ul>\n","protected":false},"excerpt":{"rendered":"<p>GV-BX12201 ist ein Tag\/Nacht-Kameramodell, das mit einem fortgeschrittenen CMOS-Bildsensor ausgestattet ist, der eine Aufl\u00f6sung von 12 Megapixeln bietet und eine h\u00f6here Pixeldichte erm\u00f6glicht.<\/p>\n","protected":false},"featured_media":785,"template":"","meta":[],"product_cat":[73,167,33],"product_tag":[],"yoast_head":"<!-- This site is optimized with the Yoast SEO plugin v19.11 - https:\/\/yoast.com\/wordpress\/plugins\/seo\/ -->\n<title>GeoVision BX12201 - kjl-video.de<\/title>\n<meta name=\"robots\" content=\"noindex, follow, max-snippet:-1, max-image-preview:large, max-video-preview:-1\" \/>\n<meta property=\"og:locale\" content=\"de_DE\" \/>\n<meta property=\"og:type\" content=\"article\" \/>\n<meta property=\"og:title\" content=\"GeoVision BX12201 - kjl-video.de\" \/>\n<meta property=\"og:description\" content=\"GV-BX12201 ist ein Tag\/Nacht-Kameramodell, das mit einem fortgeschrittenen CMOS-Bildsensor ausgestattet ist, der eine Aufl\u00f6sung von 12 Megapixeln bietet und eine h\u00f6here Pixeldichte erm\u00f6glicht.\" \/>\n<meta property=\"og:url\" content=\"https:\/\/kjl-video.de\/staging\/shop\/bx12201\/\" \/>\n<meta property=\"og:site_name\" content=\"kjl-video.de\" \/>\n<meta property=\"article:modified_time\" content=\"2019-10-29T08:37:05+00:00\" \/>\n<meta property=\"og:image\" content=\"https:\/\/kjl-video.de\/staging\/wp-content\/uploads\/2019\/06\/BX12201.png\" \/>\n\t<meta property=\"og:image:width\" content=\"800\" \/>\n\t<meta property=\"og:image:height\" content=\"800\" \/>\n\t<meta property=\"og:image:type\" content=\"image\/png\" \/>\n<meta name=\"twitter:card\" content=\"summary_large_image\" \/>\n<script type=\"application\/ld+json\" class=\"yoast-schema-graph\">{\"@context\":\"https:\/\/schema.org\",\"@graph\":[{\"@type\":\"WebPage\",\"@id\":\"https:\/\/kjl-video.de\/staging\/shop\/bx12201\/\",\"url\":\"https:\/\/kjl-video.de\/staging\/shop\/bx12201\/\",\"name\":\"GeoVision BX12201 - kjl-video.de\",\"isPartOf\":{\"@id\":\"https:\/\/kjl-video.de\/staging\/#website\"},\"datePublished\":\"2019-06-18T10:25:00+00:00\",\"dateModified\":\"2019-10-29T08:37:05+00:00\",\"breadcrumb\":{\"@id\":\"https:\/\/kjl-video.de\/staging\/shop\/bx12201\/#breadcrumb\"},\"inLanguage\":\"de\",\"potentialAction\":[{\"@type\":\"ReadAction\",\"target\":[\"https:\/\/kjl-video.de\/staging\/shop\/bx12201\/\"]}]},{\"@type\":\"BreadcrumbList\",\"@id\":\"https:\/\/kjl-video.de\/staging\/shop\/bx12201\/#breadcrumb\",\"itemListElement\":[{\"@type\":\"ListItem\",\"position\":1,\"name\":\"Startseite\",\"item\":\"https:\/\/kjl-video.de\/staging\/\"},{\"@type\":\"ListItem\",\"position\":2,\"name\":\"Shop\",\"item\":\"https:\/\/kjl-video.de\/staging\/shop\/\"},{\"@type\":\"ListItem\",\"position\":3,\"name\":\"GeoVision BX12201\"}]},{\"@type\":\"WebSite\",\"@id\":\"https:\/\/kjl-video.de\/staging\/#website\",\"url\":\"https:\/\/kjl-video.de\/staging\/\",\"name\":\"kjl-video.de\",\"description\":\"Ihr kompetenter Partner f\u00fcr Video\u00fcberwachungen aus Hamburg\",\"publisher\":{\"@id\":\"https:\/\/kjl-video.de\/staging\/#organization\"},\"potentialAction\":[{\"@type\":\"SearchAction\",\"target\":{\"@type\":\"EntryPoint\",\"urlTemplate\":\"https:\/\/kjl-video.de\/staging\/?s={search_term_string}\"},\"query-input\":\"required name=search_term_string\"}],\"inLanguage\":\"de\"},{\"@type\":\"Organization\",\"@id\":\"https:\/\/kjl-video.de\/staging\/#organization\",\"name\":\"kjl-video.de\",\"url\":\"https:\/\/kjl-video.de\/staging\/\",\"logo\":{\"@type\":\"ImageObject\",\"inLanguage\":\"de\",\"@id\":\"https:\/\/kjl-video.de\/staging\/#\/schema\/logo\/image\/\",\"url\":\"https:\/\/kjl-video.de\/staging\/wp-content\/uploads\/2018\/06\/KJL_Logo.png\",\"contentUrl\":\"https:\/\/kjl-video.de\/staging\/wp-content\/uploads\/2018\/06\/KJL_Logo.png\",\"width\":272,\"height\":80,\"caption\":\"kjl-video.de\"},\"image\":{\"@id\":\"https:\/\/kjl-video.de\/staging\/#\/schema\/logo\/image\/\"}}]}<\/script>\n<!-- \/ Yoast SEO plugin. -->","yoast_head_json":{"title":"GeoVision BX12201 - kjl-video.de","robots":{"index":"noindex","follow":"follow","max-snippet":"max-snippet:-1","max-image-preview":"max-image-preview:large","max-video-preview":"max-video-preview:-1"},"og_locale":"de_DE","og_type":"article","og_title":"GeoVision BX12201 - kjl-video.de","og_description":"GV-BX12201 ist ein Tag\/Nacht-Kameramodell, das mit einem fortgeschrittenen CMOS-Bildsensor ausgestattet ist, der eine Aufl\u00f6sung von 12 Megapixeln bietet und eine h\u00f6here Pixeldichte erm\u00f6glicht.","og_url":"https:\/\/kjl-video.de\/staging\/shop\/bx12201\/","og_site_name":"kjl-video.de","article_modified_time":"2019-10-29T08:37:05+00:00","og_image":[{"width":800,"height":800,"url":"https:\/\/kjl-video.de\/staging\/wp-content\/uploads\/2019\/06\/BX12201.png","type":"image\/png"}],"twitter_card":"summary_large_image","schema":{"@context":"https:\/\/schema.org","@graph":[{"@type":"WebPage","@id":"https:\/\/kjl-video.de\/staging\/shop\/bx12201\/","url":"https:\/\/kjl-video.de\/staging\/shop\/bx12201\/","name":"GeoVision BX12201 - kjl-video.de","isPartOf":{"@id":"https:\/\/kjl-video.de\/staging\/#website"},"datePublished":"2019-06-18T10:25:00+00:00","dateModified":"2019-10-29T08:37:05+00:00","breadcrumb":{"@id":"https:\/\/kjl-video.de\/staging\/shop\/bx12201\/#breadcrumb"},"inLanguage":"de","potentialAction":[{"@type":"ReadAction","target":["https:\/\/kjl-video.de\/staging\/shop\/bx12201\/"]}]},{"@type":"BreadcrumbList","@id":"https:\/\/kjl-video.de\/staging\/shop\/bx12201\/#breadcrumb","itemListElement":[{"@type":"ListItem","position":1,"name":"Startseite","item":"https:\/\/kjl-video.de\/staging\/"},{"@type":"ListItem","position":2,"name":"Shop","item":"https:\/\/kjl-video.de\/staging\/shop\/"},{"@type":"ListItem","position":3,"name":"GeoVision BX12201"}]},{"@type":"WebSite","@id":"https:\/\/kjl-video.de\/staging\/#website","url":"https:\/\/kjl-video.de\/staging\/","name":"kjl-video.de","description":"Ihr kompetenter Partner f\u00fcr Video\u00fcberwachungen aus Hamburg","publisher":{"@id":"https:\/\/kjl-video.de\/staging\/#organization"},"potentialAction":[{"@type":"SearchAction","target":{"@type":"EntryPoint","urlTemplate":"https:\/\/kjl-video.de\/staging\/?s={search_term_string}"},"query-input":"required name=search_term_string"}],"inLanguage":"de"},{"@type":"Organization","@id":"https:\/\/kjl-video.de\/staging\/#organization","name":"kjl-video.de","url":"https:\/\/kjl-video.de\/staging\/","logo":{"@type":"ImageObject","inLanguage":"de","@id":"https:\/\/kjl-video.de\/staging\/#\/schema\/logo\/image\/","url":"https:\/\/kjl-video.de\/staging\/wp-content\/uploads\/2018\/06\/KJL_Logo.png","contentUrl":"https:\/\/kjl-video.de\/staging\/wp-content\/uploads\/2018\/06\/KJL_Logo.png","width":272,"height":80,"caption":"kjl-video.de"},"image":{"@id":"https:\/\/kjl-video.de\/staging\/#\/schema\/logo\/image\/"}}]}},"_links":{"self":[{"href":"https:\/\/kjl-video.de\/staging\/wp-json\/wp\/v2\/product\/711"}],"collection":[{"href":"https:\/\/kjl-video.de\/staging\/wp-json\/wp\/v2\/product"}],"about":[{"href":"https:\/\/kjl-video.de\/staging\/wp-json\/wp\/v2\/types\/product"}],"wp:featuredmedia":[{"embeddable":true,"href":"https:\/\/kjl-video.de\/staging\/wp-json\/wp\/v2\/media\/785"}],"wp:attachment":[{"href":"https:\/\/kjl-video.de\/staging\/wp-json\/wp\/v2\/media?parent=711"}],"wp:term":[{"taxonomy":"product_cat","embeddable":true,"href":"https:\/\/kjl-video.de\/staging\/wp-json\/wp\/v2\/product_cat?post=711"},{"taxonomy":"product_tag","embeddable":true,"href":"https:\/\/kjl-video.de\/staging\/wp-json\/wp\/v2\/product_tag?post=711"}],"curies":[{"name":"wp","href":"https:\/\/api.w.org\/{rel}","templated":true}]}}