{"id":715,"date":"2019-06-18T15:16:53","date_gmt":"2019-06-18T13:16:53","guid":{"rendered":"https:\/\/kjl-video.de\/staging\/?post_type=product&#038;p=715"},"modified":"2020-09-25T10:57:39","modified_gmt":"2020-09-25T08:57:39","slug":"unfe2503","status":"publish","type":"product","link":"https:\/\/kjl-video.de\/staging\/shop\/unfe2503\/","title":{"rendered":"GeoVision UNFE2503"},"content":{"rendered":"<ul>\n<li>1\/2,8&#8243; Progressive Scan Super Low Lux CMOS<\/li>\n<li>Megapixelobjektiv<\/li>\n<li>Tag- und Nachtfunktion (mit abnehmbarem IR-Sperrfilter)<\/li>\n<li>Intelligentes IR<\/li>\n<li>Eingebauter Micro-SD-Kartenstapel (SD\/SDHC) zur lokalen Speicherung<\/li>\n<li>Keine mechanisch beweglichen Teile<\/li>\n<li>Bietet eine 360\u00b0- und 180\u00b0-Panoramaansicht<\/li>\n<li>Unterschiedlicher Blickwinkel, auf den mehrere Benutzer gleichzeitig zugreifen k\u00f6nnen<\/li>\n<li>Wiedergabe aus jedem Blickwinkel und jeder Zoomstufe<\/li>\n<li>Digitale Objektverfolgung<\/li>\n<li>Virtuelle PTZ-Funktion<\/li>\n<li>Auto Pan-Funktion<\/li>\n<li>3D-Rauschunterdr\u00fcckung<\/li>\n<li>Text\u00fcberlagerung<\/li>\n<li>Unterst\u00fctzt iPhone, iPad, Android und 3GPP<\/li>\n<li>Vom Aufzeichnungsmanager zugewiesene Aufzeichnung (Windows und Mac)<\/li>\n<li>Mehr Speicheroption &#8211; NAS<\/li>\n<li>Kunststoffgeh\u00e4use: wei\u00df<\/li>\n<\/ul>\n","protected":false},"excerpt":{"rendered":"<p>Die Kamera ist mit einer IR-LED ausgestattet, die eine Infrarot-Beleuchtung bei schlechten Lichtverh\u00e4ltnissen erm\u00f6glicht, und besteht aus einem Hauptk\u00f6rper f\u00fcr die Verarbeitung und einer separaten Kamera f\u00fcr die Erfassung von Bildern. Die kompakten Kameramodelle k\u00f6nnen im Freien installiert werden.<\/p>\n","protected":false},"featured_media":0,"template":"","meta":[],"product_cat":[73,176,33],"product_tag":[],"yoast_head":"<!-- This site is optimized with the Yoast SEO plugin v19.11 - https:\/\/yoast.com\/wordpress\/plugins\/seo\/ -->\n<title>GeoVision UNFE2503 - kjl-video.de<\/title>\n<meta name=\"robots\" content=\"noindex, follow, max-snippet:-1, max-image-preview:large, max-video-preview:-1\" \/>\n<meta property=\"og:locale\" content=\"de_DE\" \/>\n<meta property=\"og:type\" content=\"article\" \/>\n<meta property=\"og:title\" content=\"GeoVision UNFE2503 - kjl-video.de\" \/>\n<meta property=\"og:description\" content=\"Die Kamera ist mit einer IR-LED ausgestattet, die eine Infrarot-Beleuchtung bei schlechten Lichtverh\u00e4ltnissen erm\u00f6glicht, und besteht aus einem Hauptk\u00f6rper f\u00fcr die Verarbeitung und einer separaten Kamera f\u00fcr die Erfassung von Bildern. Die kompakten Kameramodelle k\u00f6nnen im Freien installiert werden.\" \/>\n<meta property=\"og:url\" content=\"https:\/\/kjl-video.de\/staging\/shop\/unfe2503\/\" \/>\n<meta property=\"og:site_name\" content=\"kjl-video.de\" \/>\n<meta property=\"article:modified_time\" content=\"2020-09-25T08:57:39+00:00\" \/>\n<meta name=\"twitter:card\" content=\"summary_large_image\" \/>\n<script type=\"application\/ld+json\" class=\"yoast-schema-graph\">{\"@context\":\"https:\/\/schema.org\",\"@graph\":[{\"@type\":\"WebPage\",\"@id\":\"https:\/\/kjl-video.de\/staging\/shop\/unfe2503\/\",\"url\":\"https:\/\/kjl-video.de\/staging\/shop\/unfe2503\/\",\"name\":\"GeoVision UNFE2503 - kjl-video.de\",\"isPartOf\":{\"@id\":\"https:\/\/kjl-video.de\/staging\/#website\"},\"datePublished\":\"2019-06-18T13:16:53+00:00\",\"dateModified\":\"2020-09-25T08:57:39+00:00\",\"breadcrumb\":{\"@id\":\"https:\/\/kjl-video.de\/staging\/shop\/unfe2503\/#breadcrumb\"},\"inLanguage\":\"de\",\"potentialAction\":[{\"@type\":\"ReadAction\",\"target\":[\"https:\/\/kjl-video.de\/staging\/shop\/unfe2503\/\"]}]},{\"@type\":\"BreadcrumbList\",\"@id\":\"https:\/\/kjl-video.de\/staging\/shop\/unfe2503\/#breadcrumb\",\"itemListElement\":[{\"@type\":\"ListItem\",\"position\":1,\"name\":\"Startseite\",\"item\":\"https:\/\/kjl-video.de\/staging\/\"},{\"@type\":\"ListItem\",\"position\":2,\"name\":\"Shop\",\"item\":\"https:\/\/kjl-video.de\/staging\/shop\/\"},{\"@type\":\"ListItem\",\"position\":3,\"name\":\"GeoVision UNFE2503\"}]},{\"@type\":\"WebSite\",\"@id\":\"https:\/\/kjl-video.de\/staging\/#website\",\"url\":\"https:\/\/kjl-video.de\/staging\/\",\"name\":\"kjl-video.de\",\"description\":\"Ihr kompetenter Partner f\u00fcr Video\u00fcberwachungen aus Hamburg\",\"publisher\":{\"@id\":\"https:\/\/kjl-video.de\/staging\/#organization\"},\"potentialAction\":[{\"@type\":\"SearchAction\",\"target\":{\"@type\":\"EntryPoint\",\"urlTemplate\":\"https:\/\/kjl-video.de\/staging\/?s={search_term_string}\"},\"query-input\":\"required name=search_term_string\"}],\"inLanguage\":\"de\"},{\"@type\":\"Organization\",\"@id\":\"https:\/\/kjl-video.de\/staging\/#organization\",\"name\":\"kjl-video.de\",\"url\":\"https:\/\/kjl-video.de\/staging\/\",\"logo\":{\"@type\":\"ImageObject\",\"inLanguage\":\"de\",\"@id\":\"https:\/\/kjl-video.de\/staging\/#\/schema\/logo\/image\/\",\"url\":\"https:\/\/kjl-video.de\/staging\/wp-content\/uploads\/2018\/06\/KJL_Logo.png\",\"contentUrl\":\"https:\/\/kjl-video.de\/staging\/wp-content\/uploads\/2018\/06\/KJL_Logo.png\",\"width\":272,\"height\":80,\"caption\":\"kjl-video.de\"},\"image\":{\"@id\":\"https:\/\/kjl-video.de\/staging\/#\/schema\/logo\/image\/\"}}]}<\/script>\n<!-- \/ Yoast SEO plugin. -->","yoast_head_json":{"title":"GeoVision UNFE2503 - kjl-video.de","robots":{"index":"noindex","follow":"follow","max-snippet":"max-snippet:-1","max-image-preview":"max-image-preview:large","max-video-preview":"max-video-preview:-1"},"og_locale":"de_DE","og_type":"article","og_title":"GeoVision UNFE2503 - kjl-video.de","og_description":"Die Kamera ist mit einer IR-LED ausgestattet, die eine Infrarot-Beleuchtung bei schlechten Lichtverh\u00e4ltnissen erm\u00f6glicht, und besteht aus einem Hauptk\u00f6rper f\u00fcr die Verarbeitung und einer separaten Kamera f\u00fcr die Erfassung von Bildern. Die kompakten Kameramodelle k\u00f6nnen im Freien installiert werden.","og_url":"https:\/\/kjl-video.de\/staging\/shop\/unfe2503\/","og_site_name":"kjl-video.de","article_modified_time":"2020-09-25T08:57:39+00:00","twitter_card":"summary_large_image","schema":{"@context":"https:\/\/schema.org","@graph":[{"@type":"WebPage","@id":"https:\/\/kjl-video.de\/staging\/shop\/unfe2503\/","url":"https:\/\/kjl-video.de\/staging\/shop\/unfe2503\/","name":"GeoVision UNFE2503 - kjl-video.de","isPartOf":{"@id":"https:\/\/kjl-video.de\/staging\/#website"},"datePublished":"2019-06-18T13:16:53+00:00","dateModified":"2020-09-25T08:57:39+00:00","breadcrumb":{"@id":"https:\/\/kjl-video.de\/staging\/shop\/unfe2503\/#breadcrumb"},"inLanguage":"de","potentialAction":[{"@type":"ReadAction","target":["https:\/\/kjl-video.de\/staging\/shop\/unfe2503\/"]}]},{"@type":"BreadcrumbList","@id":"https:\/\/kjl-video.de\/staging\/shop\/unfe2503\/#breadcrumb","itemListElement":[{"@type":"ListItem","position":1,"name":"Startseite","item":"https:\/\/kjl-video.de\/staging\/"},{"@type":"ListItem","position":2,"name":"Shop","item":"https:\/\/kjl-video.de\/staging\/shop\/"},{"@type":"ListItem","position":3,"name":"GeoVision UNFE2503"}]},{"@type":"WebSite","@id":"https:\/\/kjl-video.de\/staging\/#website","url":"https:\/\/kjl-video.de\/staging\/","name":"kjl-video.de","description":"Ihr kompetenter Partner f\u00fcr Video\u00fcberwachungen aus Hamburg","publisher":{"@id":"https:\/\/kjl-video.de\/staging\/#organization"},"potentialAction":[{"@type":"SearchAction","target":{"@type":"EntryPoint","urlTemplate":"https:\/\/kjl-video.de\/staging\/?s={search_term_string}"},"query-input":"required name=search_term_string"}],"inLanguage":"de"},{"@type":"Organization","@id":"https:\/\/kjl-video.de\/staging\/#organization","name":"kjl-video.de","url":"https:\/\/kjl-video.de\/staging\/","logo":{"@type":"ImageObject","inLanguage":"de","@id":"https:\/\/kjl-video.de\/staging\/#\/schema\/logo\/image\/","url":"https:\/\/kjl-video.de\/staging\/wp-content\/uploads\/2018\/06\/KJL_Logo.png","contentUrl":"https:\/\/kjl-video.de\/staging\/wp-content\/uploads\/2018\/06\/KJL_Logo.png","width":272,"height":80,"caption":"kjl-video.de"},"image":{"@id":"https:\/\/kjl-video.de\/staging\/#\/schema\/logo\/image\/"}}]}},"_links":{"self":[{"href":"https:\/\/kjl-video.de\/staging\/wp-json\/wp\/v2\/product\/715"}],"collection":[{"href":"https:\/\/kjl-video.de\/staging\/wp-json\/wp\/v2\/product"}],"about":[{"href":"https:\/\/kjl-video.de\/staging\/wp-json\/wp\/v2\/types\/product"}],"wp:attachment":[{"href":"https:\/\/kjl-video.de\/staging\/wp-json\/wp\/v2\/media?parent=715"}],"wp:term":[{"taxonomy":"product_cat","embeddable":true,"href":"https:\/\/kjl-video.de\/staging\/wp-json\/wp\/v2\/product_cat?post=715"},{"taxonomy":"product_tag","embeddable":true,"href":"https:\/\/kjl-video.de\/staging\/wp-json\/wp\/v2\/product_tag?post=715"}],"curies":[{"name":"wp","href":"https:\/\/api.w.org\/{rel}","templated":true}]}}