{"id":850,"date":"2019-10-23T10:46:03","date_gmt":"2019-10-23T08:46:03","guid":{"rendered":"https:\/\/kjl-video.de\/staging\/?post_type=product&#038;p=850"},"modified":"2020-07-21T11:11:34","modified_gmt":"2020-07-21T09:11:34","slug":"vs2420","status":"publish","type":"product","link":"https:\/\/kjl-video.de\/staging\/shop\/vs2420\/","title":{"rendered":"GeoVision VS2420"},"content":{"rendered":"<ul class=\"rows\">\n<li>4-Kanal AHD 1080p \/ 720p und analoges 960H \/ D1-Echtzeitvideo<\/li>\n<li>Manipulationsalarm<\/li>\n<li>USB-Festplattenspeicher<\/li>\n<li>Unterst\u00fctzt UMTS \/ 3G \/ 3.5G \/ 4G<\/li>\n<li>Automatischer Wechsel zwischen WiFi und 3G<\/li>\n<li>Unterst\u00fctzt \u00fcber 50 PTZ-Modelle<\/li>\n<\/ul>\n","protected":false},"excerpt":{"rendered":"<p>Der VS2420 ist ein leistungsstarker H.264 HD-Video-Encoder mit kompakter Gr\u00f6\u00dfe und unterst\u00fctzt 4-Kanal AHD 1080p \/ 720p und analoges 960H \/ D1-Echtzeitvideo. Es kann vollst\u00e4ndig in DVR\/NVR\/VMS integriert werden, um eine leistungsstarke IP-\u00dcberwachungsl\u00f6sung zu bilden. Der VS2420 wandelt analoge Signale in hochaufl\u00f6sende digitalisierte Bilder mit bis zu 2 Megapixeln um und unterst\u00fctzt \u00fcber 50 PTZ-Modelle, um verschiedene Projektanforderungen zu erf\u00fcllen. Es kann Videos auf einem lokalen USB-Speicher als kompakter Videorecorder aufnehmen.\u00a0Es ist auch in der Lage, Manipulationsalarme auszul\u00f6sen, wenn Kameras manipuliert werden, wodurch kriminelle Aktivit\u00e4ten verhindert werden k\u00f6nnen.<\/p>\n","protected":false},"featured_media":899,"template":"","meta":[],"product_cat":[159],"product_tag":[],"yoast_head":"<!-- This site is optimized with the Yoast SEO plugin v19.11 - https:\/\/yoast.com\/wordpress\/plugins\/seo\/ -->\n<title>GeoVision VS2420 - kjl-video.de<\/title>\n<meta name=\"robots\" content=\"noindex, follow, max-snippet:-1, max-image-preview:large, max-video-preview:-1\" \/>\n<meta property=\"og:locale\" content=\"de_DE\" \/>\n<meta property=\"og:type\" content=\"article\" \/>\n<meta property=\"og:title\" content=\"GeoVision VS2420 - kjl-video.de\" \/>\n<meta property=\"og:description\" content=\"Der VS2420 ist ein leistungsstarker H.264 HD-Video-Encoder mit kompakter Gr\u00f6\u00dfe und unterst\u00fctzt 4-Kanal AHD 1080p \/ 720p und analoges 960H \/ D1-Echtzeitvideo. Es kann vollst\u00e4ndig in DVR\/NVR\/VMS integriert werden, um eine leistungsstarke IP-\u00dcberwachungsl\u00f6sung zu bilden. Der VS2420 wandelt analoge Signale in hochaufl\u00f6sende digitalisierte Bilder mit bis zu 2 Megapixeln um und unterst\u00fctzt \u00fcber 50 PTZ-Modelle, um verschiedene Projektanforderungen zu erf\u00fcllen. Es kann Videos auf einem lokalen USB-Speicher als kompakter Videorecorder aufnehmen.\u00a0Es ist auch in der Lage, Manipulationsalarme auszul\u00f6sen, wenn Kameras manipuliert werden, wodurch kriminelle Aktivit\u00e4ten verhindert werden k\u00f6nnen.\" \/>\n<meta property=\"og:url\" content=\"https:\/\/kjl-video.de\/staging\/shop\/vs2420\/\" \/>\n<meta property=\"og:site_name\" content=\"kjl-video.de\" \/>\n<meta property=\"article:modified_time\" content=\"2020-07-21T09:11:34+00:00\" \/>\n<meta property=\"og:image\" content=\"https:\/\/kjl-video.de\/staging\/wp-content\/uploads\/2019\/10\/GV-VS2420_AHD.png\" \/>\n\t<meta property=\"og:image:width\" content=\"800\" \/>\n\t<meta property=\"og:image:height\" content=\"800\" \/>\n\t<meta property=\"og:image:type\" content=\"image\/png\" \/>\n<meta name=\"twitter:card\" content=\"summary_large_image\" \/>\n<script type=\"application\/ld+json\" class=\"yoast-schema-graph\">{\"@context\":\"https:\/\/schema.org\",\"@graph\":[{\"@type\":\"WebPage\",\"@id\":\"https:\/\/kjl-video.de\/staging\/shop\/vs2420\/\",\"url\":\"https:\/\/kjl-video.de\/staging\/shop\/vs2420\/\",\"name\":\"GeoVision VS2420 - kjl-video.de\",\"isPartOf\":{\"@id\":\"https:\/\/kjl-video.de\/staging\/#website\"},\"datePublished\":\"2019-10-23T08:46:03+00:00\",\"dateModified\":\"2020-07-21T09:11:34+00:00\",\"breadcrumb\":{\"@id\":\"https:\/\/kjl-video.de\/staging\/shop\/vs2420\/#breadcrumb\"},\"inLanguage\":\"de\",\"potentialAction\":[{\"@type\":\"ReadAction\",\"target\":[\"https:\/\/kjl-video.de\/staging\/shop\/vs2420\/\"]}]},{\"@type\":\"BreadcrumbList\",\"@id\":\"https:\/\/kjl-video.de\/staging\/shop\/vs2420\/#breadcrumb\",\"itemListElement\":[{\"@type\":\"ListItem\",\"position\":1,\"name\":\"Startseite\",\"item\":\"https:\/\/kjl-video.de\/staging\/\"},{\"@type\":\"ListItem\",\"position\":2,\"name\":\"Shop\",\"item\":\"https:\/\/kjl-video.de\/staging\/shop\/\"},{\"@type\":\"ListItem\",\"position\":3,\"name\":\"GeoVision VS2420\"}]},{\"@type\":\"WebSite\",\"@id\":\"https:\/\/kjl-video.de\/staging\/#website\",\"url\":\"https:\/\/kjl-video.de\/staging\/\",\"name\":\"kjl-video.de\",\"description\":\"Ihr kompetenter Partner f\u00fcr Video\u00fcberwachungen aus Hamburg\",\"publisher\":{\"@id\":\"https:\/\/kjl-video.de\/staging\/#organization\"},\"potentialAction\":[{\"@type\":\"SearchAction\",\"target\":{\"@type\":\"EntryPoint\",\"urlTemplate\":\"https:\/\/kjl-video.de\/staging\/?s={search_term_string}\"},\"query-input\":\"required name=search_term_string\"}],\"inLanguage\":\"de\"},{\"@type\":\"Organization\",\"@id\":\"https:\/\/kjl-video.de\/staging\/#organization\",\"name\":\"kjl-video.de\",\"url\":\"https:\/\/kjl-video.de\/staging\/\",\"logo\":{\"@type\":\"ImageObject\",\"inLanguage\":\"de\",\"@id\":\"https:\/\/kjl-video.de\/staging\/#\/schema\/logo\/image\/\",\"url\":\"https:\/\/kjl-video.de\/staging\/wp-content\/uploads\/2018\/06\/KJL_Logo.png\",\"contentUrl\":\"https:\/\/kjl-video.de\/staging\/wp-content\/uploads\/2018\/06\/KJL_Logo.png\",\"width\":272,\"height\":80,\"caption\":\"kjl-video.de\"},\"image\":{\"@id\":\"https:\/\/kjl-video.de\/staging\/#\/schema\/logo\/image\/\"}}]}<\/script>\n<!-- \/ Yoast SEO plugin. -->","yoast_head_json":{"title":"GeoVision VS2420 - kjl-video.de","robots":{"index":"noindex","follow":"follow","max-snippet":"max-snippet:-1","max-image-preview":"max-image-preview:large","max-video-preview":"max-video-preview:-1"},"og_locale":"de_DE","og_type":"article","og_title":"GeoVision VS2420 - kjl-video.de","og_description":"Der VS2420 ist ein leistungsstarker H.264 HD-Video-Encoder mit kompakter Gr\u00f6\u00dfe und unterst\u00fctzt 4-Kanal AHD 1080p \/ 720p und analoges 960H \/ D1-Echtzeitvideo. Es kann vollst\u00e4ndig in DVR\/NVR\/VMS integriert werden, um eine leistungsstarke IP-\u00dcberwachungsl\u00f6sung zu bilden. Der VS2420 wandelt analoge Signale in hochaufl\u00f6sende digitalisierte Bilder mit bis zu 2 Megapixeln um und unterst\u00fctzt \u00fcber 50 PTZ-Modelle, um verschiedene Projektanforderungen zu erf\u00fcllen. Es kann Videos auf einem lokalen USB-Speicher als kompakter Videorecorder aufnehmen.\u00a0Es ist auch in der Lage, Manipulationsalarme auszul\u00f6sen, wenn Kameras manipuliert werden, wodurch kriminelle Aktivit\u00e4ten verhindert werden k\u00f6nnen.","og_url":"https:\/\/kjl-video.de\/staging\/shop\/vs2420\/","og_site_name":"kjl-video.de","article_modified_time":"2020-07-21T09:11:34+00:00","og_image":[{"width":800,"height":800,"url":"https:\/\/kjl-video.de\/staging\/wp-content\/uploads\/2019\/10\/GV-VS2420_AHD.png","type":"image\/png"}],"twitter_card":"summary_large_image","schema":{"@context":"https:\/\/schema.org","@graph":[{"@type":"WebPage","@id":"https:\/\/kjl-video.de\/staging\/shop\/vs2420\/","url":"https:\/\/kjl-video.de\/staging\/shop\/vs2420\/","name":"GeoVision VS2420 - kjl-video.de","isPartOf":{"@id":"https:\/\/kjl-video.de\/staging\/#website"},"datePublished":"2019-10-23T08:46:03+00:00","dateModified":"2020-07-21T09:11:34+00:00","breadcrumb":{"@id":"https:\/\/kjl-video.de\/staging\/shop\/vs2420\/#breadcrumb"},"inLanguage":"de","potentialAction":[{"@type":"ReadAction","target":["https:\/\/kjl-video.de\/staging\/shop\/vs2420\/"]}]},{"@type":"BreadcrumbList","@id":"https:\/\/kjl-video.de\/staging\/shop\/vs2420\/#breadcrumb","itemListElement":[{"@type":"ListItem","position":1,"name":"Startseite","item":"https:\/\/kjl-video.de\/staging\/"},{"@type":"ListItem","position":2,"name":"Shop","item":"https:\/\/kjl-video.de\/staging\/shop\/"},{"@type":"ListItem","position":3,"name":"GeoVision VS2420"}]},{"@type":"WebSite","@id":"https:\/\/kjl-video.de\/staging\/#website","url":"https:\/\/kjl-video.de\/staging\/","name":"kjl-video.de","description":"Ihr kompetenter Partner f\u00fcr Video\u00fcberwachungen aus Hamburg","publisher":{"@id":"https:\/\/kjl-video.de\/staging\/#organization"},"potentialAction":[{"@type":"SearchAction","target":{"@type":"EntryPoint","urlTemplate":"https:\/\/kjl-video.de\/staging\/?s={search_term_string}"},"query-input":"required name=search_term_string"}],"inLanguage":"de"},{"@type":"Organization","@id":"https:\/\/kjl-video.de\/staging\/#organization","name":"kjl-video.de","url":"https:\/\/kjl-video.de\/staging\/","logo":{"@type":"ImageObject","inLanguage":"de","@id":"https:\/\/kjl-video.de\/staging\/#\/schema\/logo\/image\/","url":"https:\/\/kjl-video.de\/staging\/wp-content\/uploads\/2018\/06\/KJL_Logo.png","contentUrl":"https:\/\/kjl-video.de\/staging\/wp-content\/uploads\/2018\/06\/KJL_Logo.png","width":272,"height":80,"caption":"kjl-video.de"},"image":{"@id":"https:\/\/kjl-video.de\/staging\/#\/schema\/logo\/image\/"}}]}},"_links":{"self":[{"href":"https:\/\/kjl-video.de\/staging\/wp-json\/wp\/v2\/product\/850"}],"collection":[{"href":"https:\/\/kjl-video.de\/staging\/wp-json\/wp\/v2\/product"}],"about":[{"href":"https:\/\/kjl-video.de\/staging\/wp-json\/wp\/v2\/types\/product"}],"wp:featuredmedia":[{"embeddable":true,"href":"https:\/\/kjl-video.de\/staging\/wp-json\/wp\/v2\/media\/899"}],"wp:attachment":[{"href":"https:\/\/kjl-video.de\/staging\/wp-json\/wp\/v2\/media?parent=850"}],"wp:term":[{"taxonomy":"product_cat","embeddable":true,"href":"https:\/\/kjl-video.de\/staging\/wp-json\/wp\/v2\/product_cat?post=850"},{"taxonomy":"product_tag","embeddable":true,"href":"https:\/\/kjl-video.de\/staging\/wp-json\/wp\/v2\/product_tag?post=850"}],"curies":[{"name":"wp","href":"https:\/\/api.w.org\/{rel}","templated":true}]}}